{"id":5733,"date":"2025-10-09T06:18:19","date_gmt":"2025-10-09T10:18:19","guid":{"rendered":"https:\/\/aper.qc.ca\/?page_id=5733"},"modified":"2025-10-09T06:18:19","modified_gmt":"2025-10-09T10:18:19","slug":"ag2025formen","status":"publish","type":"page","link":"https:\/\/aper.qc.ca\/en\/ag2025formen\/","title":{"rendered":"ag2025formen"},"content":{"rendered":"<div class=\"vc_row wpb_row vc_row-fluid bg-light dark_txt  svg_none svg_bottom_none  svg_bottom\" >\n                \n                    \n\t\t\t\t<div class=\"mo-vc-row-ovelay\" style=\"\"><\/div>\n\t\t\t<div class=\"container main-container\"><div class=\"wpb_column vc_column_container vc_col-sm-12\"><div class=\"vc_column-inner\"><div class=\"wpb_wrapper\">\n\t<div class=\"wpb_text_column wpb_content_element\" >\n\t\t<div class=\"wpb_wrapper\">\n\t\t\t<style>h2.wow{display:none;}.container.main-container,.vc_row.wpb_row.vc_row-fluid.bg-light{background-color:#425563;}<\/style>\n<div class=\"vc_row wpb_row vc_row-fluid bg-dark vc_custom_1650990866294 bg-color-secondary white_txt svg_none svg_bottom_none svg_bottom\" style=\"padding-top: 4rem;\">\n<div class=\"mo-vc-row-ovelay\"><\/div>\n<div class=\"container main-container\">\n<div class=\"wpb_column vc_column_container vc_col-sm-12\">\n<div class=\"vc_column-inner\">\n<div class=\"wpb_wrapper\">\n<div class=\"vc_row wpb_row vc_inner vc_row-fluid vc_custom_1651602328868\">\n<div class=\"wpb_column vc_column_container vc_col-sm-12\">\n<div class=\"vc_column-inner vc_custom_1647958504930\">\n<div class=\"wpb_wrapper\">\n<div class=\"pixi_heading-style1 text-center\" data-wow-delay=\"0.1s\">\n<h5>Registration form<\/h5>\n<h3><b><span lang=\"EN-CA\">Annual General Assembly<\/span><\/b><\/h3>\n<\/div>\n<div class=\"wpb_text_column wpb_content_element vc_custom_1651602356269\">\n<h4 class=\"wpb_wrapper\" style=\"margin: 6rem 0; text-align: center;\">October 23 at 12:00pm<\/h4>\n<\/div>\n<\/div>\n<\/div>\n<\/div>\n<\/div>\n<\/div>\n<\/div>\n<\/div>\n<div class=\"wpb_column vc_column_container vc_col-sm-12\">\n<div class=\"vc_column-inner vc_custom_1647958560941\">\n<div class=\"wpb_wrapper\">\n<div class=\"vc_row wpb_row vc_inner vc_row-fluid vc_custom_1647961293164\">\n<div class=\"wpb_column vc_column_container vc_col-sm-12\">\n<div class=\"vc_column-inner vc_custom_1647958447781\">\n<div class=\"wpb_wrapper\">\n<div class=\"vc_empty_space vc_custom_1647958533866\" style=\"height: 0px;\"><\/div>\n<div id=\"wpcf7-f86-p352-o1\" class=\"wpcf7 js\" dir=\"ltr\" lang=\"en-US\">\n<div class=\"screen-reader-response\">\n<p role=\"status\" aria-live=\"polite\" aria-atomic=\"true\">\n<\/div>\n<div style=\"padding-bottom: 2rem;\"><\/div>\n<form class=\"wpcf7-form init\" action=\"https:\/\/formspree.io\/f\/mqaydvnj\" method=\"post\" novalidate=\"novalidate\" aria-label=\"Contact form\" data-status=\"init\" data-trp-original-action=\"https:\/\/formspree.io\/f\/mqaydvnj\"><input name=\"Choix de date\" type=\"hidden\" value=\"23 Octobre\" \/><br \/>\n<input name=\"Langue\" type=\"hidden\" value=\"Anglais\" \/><\/p>\n<div style=\"display: none;\"><\/div>\n<div class=\"row\">\n<div class=\"col-sm-6 input\">\n<p><span class=\"wpcf7-form-control-wrap\" data-name=\"your-name\"><input class=\"wpcf7-form-control wpcf7-text wpcf7-validates-as-required input_field_line\" name=\"Nom\" required=\"\" size=\"40\" type=\"text\" value=\"\" placeholder=\"Name *\" aria-required=\"true\" aria-invalid=\"false\" \/><\/span><\/p>\n<\/div>\n<div class=\"col-sm-6 input\">\n<p><span class=\"wpcf7-form-control-wrap\" data-name=\"your-email\"><input class=\"wpcf7-form-control wpcf7-email wpcf7-validates-as-required wpcf7-text wpcf7-validates-as-email input_field_line\" name=\"Courriel\" required=\"\" size=\"40\" type=\"email\" value=\"\" placeholder=\"Email *\" aria-required=\"true\" aria-invalid=\"false\" \/><\/span><\/p>\n<\/div>\n<\/div>\n<div class=\"row\">\n<div class=\"col-sm-12 input\">\n<p><span class=\"wpcf7-form-control-wrap\" data-name=\"checkbox-370\"><span id=\"checked\" class=\"wpcf7-form-control wpcf7-checkbox wpcf7-validates-as-required\"><span class=\"wpcf7-list-item first last\"><input style=\"margin: 0 1rem;\" name=\"Consentement\" type=\"checkbox\" value=\"J'ai lu et j'accepte les conditions g\u00e9n\u00e9rales du site web, et je consens \u00e0 recevoir des communications \u00e9crites de la part l'APER.\" \/><span class=\"wpcf7-list-item-label\">I have read and accept the general terms and conditions of the website, and I consent to receiving written communications from APER.<\/span><\/span><\/span><\/span><\/p>\n<\/div>\n<\/div>\n<div class=\"row\">\n<div class=\"col-sm-3\">\n<p><input class=\"wpcf7-form-control wpcf7-submit has-spinner button hr_primary bg_hr_gradient radius4 no_shadow hr_no_shadow hover_shine hover_light\" type=\"submit\" value=\"Send\" \/><\/p>\n<\/div>\n<\/div>\n<div class=\"wpcf7-response-output\" aria-hidden=\"true\"><\/div>\n<input type=\"hidden\" name=\"trp-form-language\" value=\"en\"\/><\/form>\n<\/div>\n<\/div>\n<\/div>\n<\/div>\n<\/div>\n<\/div>\n<\/div>\n<\/div>\n<\/div>\n<\/div>\n\n\t\t<\/div>\n\t<\/div>\n<\/div><\/div><\/div><\/div><\/div>","protected":false},"excerpt":{"rendered":"Registration form Annual General Assembly October 23 at 12:00pm I have read and accept the general terms and conditions of the website, and I consent to receiving written communications from APER.","protected":false},"author":1,"featured_media":0,"parent":0,"menu_order":0,"comment_status":"closed","ping_status":"closed","template":"","meta":{"_acf_changed":false,"footnotes":""},"class_list":["post-5733","page","type-page","status-publish","hentry"],"acf":[],"yoast_head":"<!-- This site is optimized with the Yoast SEO plugin v27.4 - https:\/\/yoast.com\/product\/yoast-seo-wordpress\/ -->\n<title>ag2025formen - APER<\/title>\n<meta name=\"robots\" content=\"index, follow, max-snippet:-1, max-image-preview:large, max-video-preview:-1\" \/>\n<link rel=\"canonical\" href=\"https:\/\/aper.qc.ca\/en\/ag2025formen\/\" \/>\n<meta property=\"og:locale\" content=\"en_US\" \/>\n<meta property=\"og:type\" content=\"article\" \/>\n<meta property=\"og:title\" content=\"ag2025formen - APER\" \/>\n<meta property=\"og:url\" content=\"https:\/\/aper.qc.ca\/en\/ag2025formen\/\" \/>\n<meta property=\"og:site_name\" content=\"APER\" \/>\n<meta name=\"twitter:card\" content=\"summary_large_image\" \/>\n<meta name=\"twitter:label1\" content=\"Est. reading time\" \/>\n\t<meta name=\"twitter:data1\" content=\"1 minute\" \/>\n<script type=\"application\/ld+json\" class=\"yoast-schema-graph\">{\"@context\":\"https:\\\/\\\/schema.org\",\"@graph\":[{\"@type\":\"WebPage\",\"@id\":\"https:\\\/\\\/aper.qc.ca\\\/ag2025formen\\\/\",\"url\":\"https:\\\/\\\/aper.qc.ca\\\/ag2025formen\\\/\",\"name\":\"ag2025formen - APER\",\"isPartOf\":{\"@id\":\"https:\\\/\\\/aper.qc.ca\\\/#website\"},\"datePublished\":\"2025-10-09T10:18:19+00:00\",\"breadcrumb\":{\"@id\":\"https:\\\/\\\/aper.qc.ca\\\/ag2025formen\\\/#breadcrumb\"},\"inLanguage\":\"en-US\",\"potentialAction\":[{\"@type\":\"ReadAction\",\"target\":[\"https:\\\/\\\/aper.qc.ca\\\/ag2025formen\\\/\"]}]},{\"@type\":\"BreadcrumbList\",\"@id\":\"https:\\\/\\\/aper.qc.ca\\\/ag2025formen\\\/#breadcrumb\",\"itemListElement\":[{\"@type\":\"ListItem\",\"position\":1,\"name\":\"Accueil\",\"item\":\"https:\\\/\\\/aper.qc.ca\\\/\"},{\"@type\":\"ListItem\",\"position\":2,\"name\":\"ag2025formen\"}]},{\"@type\":\"WebSite\",\"@id\":\"https:\\\/\\\/aper.qc.ca\\\/#website\",\"url\":\"https:\\\/\\\/aper.qc.ca\\\/\",\"name\":\"APER\",\"description\":\"Au soutien des cadres\",\"potentialAction\":[{\"@type\":\"SearchAction\",\"target\":{\"@type\":\"EntryPoint\",\"urlTemplate\":\"https:\\\/\\\/aper.qc.ca\\\/?s={search_term_string}\"},\"query-input\":{\"@type\":\"PropertyValueSpecification\",\"valueRequired\":true,\"valueName\":\"search_term_string\"}}],\"inLanguage\":\"en-US\"}]}<\/script>\n<!-- \/ Yoast SEO plugin. -->","yoast_head_json":{"title":"ag2025formen - APER","robots":{"index":"index","follow":"follow","max-snippet":"max-snippet:-1","max-image-preview":"max-image-preview:large","max-video-preview":"max-video-preview:-1"},"canonical":"https:\/\/aper.qc.ca\/en\/ag2025formen\/","og_locale":"en_US","og_type":"article","og_title":"ag2025formen - APER","og_url":"https:\/\/aper.qc.ca\/en\/ag2025formen\/","og_site_name":"APER","twitter_card":"summary_large_image","twitter_misc":{"Est. reading time":"1 minute"},"schema":{"@context":"https:\/\/schema.org","@graph":[{"@type":"WebPage","@id":"https:\/\/aper.qc.ca\/ag2025formen\/","url":"https:\/\/aper.qc.ca\/ag2025formen\/","name":"ag2025formen - APER","isPartOf":{"@id":"https:\/\/aper.qc.ca\/#website"},"datePublished":"2025-10-09T10:18:19+00:00","breadcrumb":{"@id":"https:\/\/aper.qc.ca\/ag2025formen\/#breadcrumb"},"inLanguage":"en-US","potentialAction":[{"@type":"ReadAction","target":["https:\/\/aper.qc.ca\/ag2025formen\/"]}]},{"@type":"BreadcrumbList","@id":"https:\/\/aper.qc.ca\/ag2025formen\/#breadcrumb","itemListElement":[{"@type":"ListItem","position":1,"name":"Accueil","item":"https:\/\/aper.qc.ca\/"},{"@type":"ListItem","position":2,"name":"ag2025formen"}]},{"@type":"WebSite","@id":"https:\/\/aper.qc.ca\/#website","url":"https:\/\/aper.qc.ca\/","name":"APER","description":"Au soutien des cadres","potentialAction":[{"@type":"SearchAction","target":{"@type":"EntryPoint","urlTemplate":"https:\/\/aper.qc.ca\/?s={search_term_string}"},"query-input":{"@type":"PropertyValueSpecification","valueRequired":true,"valueName":"search_term_string"}}],"inLanguage":"en-US"}]}},"_links":{"self":[{"href":"https:\/\/aper.qc.ca\/en\/wp-json\/wp\/v2\/pages\/5733","targetHints":{"allow":["GET"]}}],"collection":[{"href":"https:\/\/aper.qc.ca\/en\/wp-json\/wp\/v2\/pages"}],"about":[{"href":"https:\/\/aper.qc.ca\/en\/wp-json\/wp\/v2\/types\/page"}],"author":[{"embeddable":true,"href":"https:\/\/aper.qc.ca\/en\/wp-json\/wp\/v2\/users\/1"}],"replies":[{"embeddable":true,"href":"https:\/\/aper.qc.ca\/en\/wp-json\/wp\/v2\/comments?post=5733"}],"version-history":[{"count":1,"href":"https:\/\/aper.qc.ca\/en\/wp-json\/wp\/v2\/pages\/5733\/revisions"}],"predecessor-version":[{"id":5734,"href":"https:\/\/aper.qc.ca\/en\/wp-json\/wp\/v2\/pages\/5733\/revisions\/5734"}],"wp:attachment":[{"href":"https:\/\/aper.qc.ca\/en\/wp-json\/wp\/v2\/media?parent=5733"}],"curies":[{"name":"wp","href":"https:\/\/api.w.org\/{rel}","templated":true}]}}