{"id":5703,"date":"2025-09-03T15:48:38","date_gmt":"2025-09-03T19:48:38","guid":{"rendered":"https:\/\/aper.qc.ca\/?page_id=5703"},"modified":"2025-09-03T15:48:38","modified_gmt":"2025-09-03T19:48:38","slug":"x-1","status":"publish","type":"page","link":"https:\/\/aper.qc.ca\/en\/x-1\/","title":{"rendered":"x-1"},"content":{"rendered":"<div class=\"vc_row wpb_row vc_row-fluid bg-light dark_txt  svg_none svg_bottom_none  svg_bottom\" >\n                \n                    \n\t\t\t\t<div class=\"mo-vc-row-ovelay\" style=\"\"><\/div>\n\t\t\t<div class=\"container main-container\"><div class=\"wpb_column vc_column_container vc_col-sm-12\"><div class=\"vc_column-inner\"><div class=\"wpb_wrapper\">\n\t<div class=\"wpb_text_column wpb_content_element\" >\n\t\t<div class=\"wpb_wrapper\">\n\t\t\t<style>h2.wow{display:none;}.container.main-container,.vc_row.wpb_row.vc_row-fluid.bg-light{background-color:#425563;}<\/style>\n<div class=\"vc_row wpb_row vc_row-fluid bg-dark vc_custom_1650990866294 bg-color-secondary white_txt svg_none svg_bottom_none svg_bottom\" style=\"padding-top: 4rem;\">\n<div class=\"mo-vc-row-ovelay\"><\/div>\n<div class=\"container main-container\">\n<div class=\"wpb_column vc_column_container vc_col-sm-12\">\n<div class=\"vc_column-inner\">\n<div class=\"wpb_wrapper\">\n<div class=\"vc_row wpb_row vc_inner vc_row-fluid vc_custom_1651602328868\">\n<div class=\"wpb_column vc_column_container vc_col-sm-12\">\n<div class=\"vc_column-inner vc_custom_1647958504930\">\n<div class=\"wpb_wrapper\">\n<div class=\"pixi_heading-style1 text-center\" data-wow-delay=\"0.1s\">\n<h5>Formulaire inscription<\/h5>\n<h3><b>LES NOUVELLES HAUSSES SALARIALES ET CONDITIONS DE TRAVAIL<\/b><\/h3>\n<\/div>\n<div class=\"wpb_text_column wpb_content_element vc_custom_1651602356269\">\n<h4 class=\"wpb_wrapper\" style=\"text-align: center; margin: 6rem 0;\">Le 10 Septembre \u00e0 midi<\/h4>\n<\/div>\n<\/div>\n<\/div>\n<\/div>\n<\/div>\n<\/div>\n<\/div>\n<\/div>\n<div class=\"wpb_column vc_column_container vc_col-sm-12\">\n<div class=\"vc_column-inner vc_custom_1647958560941\">\n<div class=\"wpb_wrapper\">\n<div class=\"vc_row wpb_row vc_inner vc_row-fluid vc_custom_1647961293164\">\n<div class=\"wpb_column vc_column_container vc_col-sm-12\">\n<div class=\"vc_column-inner vc_custom_1647958447781\">\n<div class=\"wpb_wrapper\">\n<div class=\"vc_empty_space vc_custom_1647958533866\" style=\"height: 0px;\"><\/div>\n<div id=\"wpcf7-f86-p352-o1\" class=\"wpcf7 js\" dir=\"ltr\" lang=\"en-US\">\n<div class=\"screen-reader-response\">\n<p role=\"status\" aria-live=\"polite\" aria-atomic=\"true\">\n<\/div>\n<div style=\"padding-bottom: 2rem;\"><\/div>\n<form class=\"wpcf7-form init\" action=\"https:\/\/formspree.io\/f\/mrbaoboo\" method=\"post\" novalidate=\"novalidate\" aria-label=\"Contact form\" data-status=\"init\" data-trp-original-action=\"https:\/\/formspree.io\/f\/mrbaoboo\"><input name=\"Choix de date\" type=\"hidden\" value=\"10 Septembre\" \/><br \/>\n<input name=\"Langue\" type=\"hidden\" value=\"Fran\u00e7ais\" \/><\/p>\n<div style=\"display: none;\"><\/div>\n<div class=\"row\">\n<div class=\"col-sm-6 input\">\n<p><span class=\"wpcf7-form-control-wrap\" data-name=\"your-name\"><input class=\"wpcf7-form-control wpcf7-text wpcf7-validates-as-required input_field_line\" name=\"Nom\" required=\"\" size=\"40\" type=\"text\" value=\"\" placeholder=\"Name *\" aria-required=\"true\" aria-invalid=\"false\" \/><\/span><\/p>\n<\/div>\n<div class=\"col-sm-6 input\">\n<p><span class=\"wpcf7-form-control-wrap\" data-name=\"your-email\"><input class=\"wpcf7-form-control wpcf7-email wpcf7-validates-as-required wpcf7-text wpcf7-validates-as-email input_field_line\" name=\"Courriel\" required=\"\" size=\"40\" type=\"email\" value=\"\" placeholder=\"Email *\" aria-required=\"true\" aria-invalid=\"false\" \/><\/span><\/p>\n<\/div>\n<\/div>\n<div class=\"row\">\n<div class=\"col-sm-12 input\">\n<p><span class=\"wpcf7-form-control-wrap\" data-name=\"checkbox-370\"><span id=\"checked\" class=\"wpcf7-form-control wpcf7-checkbox wpcf7-validates-as-required\"><span class=\"wpcf7-list-item first last\"><input style=\"margin: 0 1rem;\" name=\"Consentement\" type=\"checkbox\" value=\"J'ai lu et j'accepte les conditions g\u00e9n\u00e9rales du site web, et je consens \u00e0 recevoir des communications \u00e9crites de la part l'APER.\" \/><span class=\"wpcf7-list-item-label\">I have read and agree to the terms and conditions of the website, and consent to receive written communications from APER.<\/span><\/span><\/span><\/span><\/p>\n<\/div>\n<\/div>\n<div class=\"row\">\n<div class=\"col-sm-3\">\n<p><input class=\"wpcf7-form-control wpcf7-submit has-spinner button hr_primary bg_hr_gradient radius4 no_shadow hr_no_shadow hover_shine hover_light\" type=\"submit\" value=\"Send\" \/><\/p>\n<\/div>\n<\/div>\n<div class=\"wpcf7-response-output\" aria-hidden=\"true\"><\/div>\n<input type=\"hidden\" name=\"trp-form-language\" value=\"en\"\/><\/form>\n<\/div>\n<\/div>\n<\/div>\n<\/div>\n<\/div>\n<\/div>\n<\/div>\n<\/div>\n<\/div>\n<\/div>\n\n\t\t<\/div>\n\t<\/div>\n<\/div><\/div><\/div><\/div><\/div>","protected":false},"excerpt":{"rendered":"Formulaire inscription LES NOUVELLES HAUSSES SALARIALES ET CONDITIONS DE TRAVAIL Le 10 Septembre \u00e0 midi J'ai lu et j'accepte les conditions g\u00e9n\u00e9rales du site web, et je consens \u00e0 recevoir des communications \u00e9crites de la part l'APER.","protected":false},"author":1,"featured_media":0,"parent":0,"menu_order":0,"comment_status":"closed","ping_status":"closed","template":"","meta":{"_acf_changed":false,"footnotes":""},"class_list":["post-5703","page","type-page","status-publish","hentry"],"acf":[],"yoast_head":"<!-- This site is optimized with the Yoast SEO plugin v27.4 - https:\/\/yoast.com\/product\/yoast-seo-wordpress\/ -->\n<title>x-1 - APER<\/title>\n<meta name=\"robots\" content=\"index, follow, max-snippet:-1, max-image-preview:large, max-video-preview:-1\" \/>\n<link rel=\"canonical\" href=\"https:\/\/aper.qc.ca\/en\/x-1\/\" \/>\n<meta property=\"og:locale\" content=\"en_US\" \/>\n<meta property=\"og:type\" content=\"article\" \/>\n<meta property=\"og:title\" content=\"x-1 - APER\" \/>\n<meta property=\"og:url\" content=\"https:\/\/aper.qc.ca\/en\/x-1\/\" \/>\n<meta property=\"og:site_name\" content=\"APER\" \/>\n<meta name=\"twitter:card\" content=\"summary_large_image\" \/>\n<meta name=\"twitter:label1\" content=\"Est. reading time\" \/>\n\t<meta name=\"twitter:data1\" content=\"1 minute\" \/>\n<script type=\"application\/ld+json\" class=\"yoast-schema-graph\">{\"@context\":\"https:\\\/\\\/schema.org\",\"@graph\":[{\"@type\":\"WebPage\",\"@id\":\"https:\\\/\\\/aper.qc.ca\\\/x-1\\\/\",\"url\":\"https:\\\/\\\/aper.qc.ca\\\/x-1\\\/\",\"name\":\"x-1 - APER\",\"isPartOf\":{\"@id\":\"https:\\\/\\\/aper.qc.ca\\\/#website\"},\"datePublished\":\"2025-09-03T19:48:38+00:00\",\"breadcrumb\":{\"@id\":\"https:\\\/\\\/aper.qc.ca\\\/x-1\\\/#breadcrumb\"},\"inLanguage\":\"en-US\",\"potentialAction\":[{\"@type\":\"ReadAction\",\"target\":[\"https:\\\/\\\/aper.qc.ca\\\/x-1\\\/\"]}]},{\"@type\":\"BreadcrumbList\",\"@id\":\"https:\\\/\\\/aper.qc.ca\\\/x-1\\\/#breadcrumb\",\"itemListElement\":[{\"@type\":\"ListItem\",\"position\":1,\"name\":\"Accueil\",\"item\":\"https:\\\/\\\/aper.qc.ca\\\/\"},{\"@type\":\"ListItem\",\"position\":2,\"name\":\"x-1\"}]},{\"@type\":\"WebSite\",\"@id\":\"https:\\\/\\\/aper.qc.ca\\\/#website\",\"url\":\"https:\\\/\\\/aper.qc.ca\\\/\",\"name\":\"APER\",\"description\":\"Au soutien des cadres\",\"potentialAction\":[{\"@type\":\"SearchAction\",\"target\":{\"@type\":\"EntryPoint\",\"urlTemplate\":\"https:\\\/\\\/aper.qc.ca\\\/?s={search_term_string}\"},\"query-input\":{\"@type\":\"PropertyValueSpecification\",\"valueRequired\":true,\"valueName\":\"search_term_string\"}}],\"inLanguage\":\"en-US\"}]}<\/script>\n<!-- \/ Yoast SEO plugin. -->","yoast_head_json":{"title":"x-1 - APER","robots":{"index":"index","follow":"follow","max-snippet":"max-snippet:-1","max-image-preview":"max-image-preview:large","max-video-preview":"max-video-preview:-1"},"canonical":"https:\/\/aper.qc.ca\/en\/x-1\/","og_locale":"en_US","og_type":"article","og_title":"x-1 - APER","og_url":"https:\/\/aper.qc.ca\/en\/x-1\/","og_site_name":"APER","twitter_card":"summary_large_image","twitter_misc":{"Est. reading time":"1 minute"},"schema":{"@context":"https:\/\/schema.org","@graph":[{"@type":"WebPage","@id":"https:\/\/aper.qc.ca\/x-1\/","url":"https:\/\/aper.qc.ca\/x-1\/","name":"x-1 - APER","isPartOf":{"@id":"https:\/\/aper.qc.ca\/#website"},"datePublished":"2025-09-03T19:48:38+00:00","breadcrumb":{"@id":"https:\/\/aper.qc.ca\/x-1\/#breadcrumb"},"inLanguage":"en-US","potentialAction":[{"@type":"ReadAction","target":["https:\/\/aper.qc.ca\/x-1\/"]}]},{"@type":"BreadcrumbList","@id":"https:\/\/aper.qc.ca\/x-1\/#breadcrumb","itemListElement":[{"@type":"ListItem","position":1,"name":"Accueil","item":"https:\/\/aper.qc.ca\/"},{"@type":"ListItem","position":2,"name":"x-1"}]},{"@type":"WebSite","@id":"https:\/\/aper.qc.ca\/#website","url":"https:\/\/aper.qc.ca\/","name":"APER","description":"Au soutien des cadres","potentialAction":[{"@type":"SearchAction","target":{"@type":"EntryPoint","urlTemplate":"https:\/\/aper.qc.ca\/?s={search_term_string}"},"query-input":{"@type":"PropertyValueSpecification","valueRequired":true,"valueName":"search_term_string"}}],"inLanguage":"en-US"}]}},"_links":{"self":[{"href":"https:\/\/aper.qc.ca\/en\/wp-json\/wp\/v2\/pages\/5703","targetHints":{"allow":["GET"]}}],"collection":[{"href":"https:\/\/aper.qc.ca\/en\/wp-json\/wp\/v2\/pages"}],"about":[{"href":"https:\/\/aper.qc.ca\/en\/wp-json\/wp\/v2\/types\/page"}],"author":[{"embeddable":true,"href":"https:\/\/aper.qc.ca\/en\/wp-json\/wp\/v2\/users\/1"}],"replies":[{"embeddable":true,"href":"https:\/\/aper.qc.ca\/en\/wp-json\/wp\/v2\/comments?post=5703"}],"version-history":[{"count":1,"href":"https:\/\/aper.qc.ca\/en\/wp-json\/wp\/v2\/pages\/5703\/revisions"}],"predecessor-version":[{"id":5704,"href":"https:\/\/aper.qc.ca\/en\/wp-json\/wp\/v2\/pages\/5703\/revisions\/5704"}],"wp:attachment":[{"href":"https:\/\/aper.qc.ca\/en\/wp-json\/wp\/v2\/media?parent=5703"}],"curies":[{"name":"wp","href":"https:\/\/api.w.org\/{rel}","templated":true}]}}