{"id":5400,"date":"2024-10-11T07:11:43","date_gmt":"2024-10-11T11:11:43","guid":{"rendered":"https:\/\/aper.qc.ca\/?page_id=5400"},"modified":"2024-10-11T07:30:45","modified_gmt":"2024-10-11T11:30:45","slug":"inscription-aga","status":"publish","type":"page","link":"https:\/\/aper.qc.ca\/en\/inscription-aga\/","title":{"rendered":"Annual General Assembly 2024"},"content":{"rendered":"<div class=\"vc_row wpb_row vc_row-fluid bg-dark vc_custom_1650990866294 bg-color-secondary white_txt  svg_none svg_bottom_none  svg_bottom\" style=\"padding-top: 4rem;\">\n<div class=\"mo-vc-row-ovelay\"><\/div>\n<div class=\"container main-container\">\n<div class=\"wpb_column vc_column_container vc_col-sm-12\">\n<div class=\"vc_column-inner\">\n<div class=\"wpb_wrapper\">\n<div class=\"vc_row wpb_row vc_inner vc_row-fluid vc_custom_1651602328868\">\n<div class=\"wpb_column vc_column_container vc_col-sm-12\">\n<div class=\"vc_column-inner vc_custom_1647958504930\">\n<div class=\"wpb_wrapper\">\n<div class=\"pixi_heading-style1 text-center\" data-wow-delay=\"0.1s\">\n<h5>Registration form<\/h5>\n<h3>Annual General Assembly 2024<\/h3>\n<\/div>\n<div class=\"wpb_text_column wpb_content_element  vc_custom_1651602356269\">\n<div class=\"wpb_wrapper\">\n<p style=\"text-align: center;\">The APER board of directors invites you to the 2024 Annual General Assembly.<\/p>\n<p style=\"text-align:center;\">\n<strong>The official AGA will be held virtually in French on the 24th of October.<\/strong>Please note that we will also be offering a presentation of APER 2023-2024 results in English the same day at noon.<\/p>\n<\/div>\n<\/div>\n<\/div>\n<\/div>\n<\/div>\n<\/div>\n<\/div>\n<\/div>\n<\/div>\n<div class=\"wpb_column vc_column_container vc_col-sm-12\">\n<div class=\"vc_column-inner vc_custom_1647958560941\">\n<div class=\"wpb_wrapper\">\n<div class=\"vc_row wpb_row vc_inner vc_row-fluid vc_custom_1647961293164\">\n<div class=\"wpb_column vc_column_container vc_col-sm-12\">\n<div class=\"vc_column-inner vc_custom_1647958447781\">\n<div class=\"wpb_wrapper\">\n<div class=\"vc_empty_space  vc_custom_1647958533866\" style=\"height: 0px;\"><\/div>\n<div id=\"wpcf7-f86-p352-o1\" class=\"wpcf7 js\" dir=\"ltr\" lang=\"en-US\">\n<div class=\"screen-reader-response\">\n<p role=\"status\" aria-live=\"polite\" aria-atomic=\"true\">\n<\/div>\n<div style=\"padding-bottom: 2rem;\"><\/div>\n<form class=\"wpcf7-form init\" action=\"https:\/\/formspree.io\/f\/mrbggzqe\" method=\"post\" novalidate=\"novalidate\" aria-label=\"Contact form\" data-status=\"init\" data-trp-original-action=\"https:\/\/formspree.io\/f\/mrbggzqe\">\n<div style=\"display: none;\"><\/div>\n<div class=\"row\">\n<div class=\"col-sm-6 input\">\n<p><span class=\"wpcf7-form-control-wrap\" data-name=\"your-name\"><input class=\"wpcf7-form-control wpcf7-text wpcf7-validates-as-required input_field_line\" name=\"Nom\" required=\"\" size=\"40\" type=\"text\" value=\"\" placeholder=\"Name *\" aria-required=\"true\" aria-invalid=\"false\" \/><\/span><\/p>\n<\/div>\n<div class=\"col-sm-6 input\"><span class=\"wpcf7-form-control-wrap\" data-name=\"your-email\"><input class=\"wpcf7-form-control wpcf7-email wpcf7-validates-as-required wpcf7-text wpcf7-validates-as-email input_field_line\" name=\"Courriel\" required=\"\" size=\"40\" type=\"email\" value=\"\" placeholder=\"Email *\" aria-required=\"true\" aria-invalid=\"false\" \/><\/span><\/div>\n<\/div>\n<div class=\"row\">\n<div class=\"col-sm-12 input\">\n<span class=\"wpcf7-form-control-wrap\" data-name=\"checkbox-370\"><span id=\"checked\" class=\"wpcf7-form-control wpcf7-checkbox wpcf7-validates-as-required\"><span class=\"wpcf7-list-item first last\"><input style=\"margin: 0 1rem;\" name=\"Pr\u00e9sence AGA\" type=\"checkbox\" checked=\"true\" \/><span class=\"wpcf7-list-item-label\">I will be present for the AGA in french at 16h.<\/span><\/span><\/span><\/span>\n<\/div>\n<\/div>\n<div class=\"row\">\n<div class=\"col-sm-12 input\">\n<p><span class=\"wpcf7-form-control-wrap\" data-name=\"checkbox-370\"><span id=\"checked\" class=\"wpcf7-form-control wpcf7-checkbox wpcf7-validates-as-required\"><span class=\"wpcf7-list-item first last\"><input style=\"margin: 0 1rem;\" name=\"Pr\u00e9sence s\u00e9ance information\" type=\"checkbox\"  \/><span class=\"wpcf7-list-item-label\">I will be present for the information session at 12h.<\/span><\/span><\/span><\/span><\/p>\n<\/div>\n<\/div>\n<div class=\"row\">\n<div class=\"col-sm-12 input\">\n<p><span class=\"wpcf7-form-control-wrap\" data-name=\"checkbox-370\"><span id=\"checked\" class=\"wpcf7-form-control wpcf7-checkbox wpcf7-validates-as-required\"><span class=\"wpcf7-list-item first last\"><input style=\"margin: 0 1rem;\" name=\"Consentement\" type=\"checkbox\" checked=\"true\" value=\"J'ai lu et j'accepte les conditions g\u00e9n\u00e9rales du site web, et je consens \u00e0 recevoir des communications \u00e9crites de la part l'APER.\" \/><span class=\"wpcf7-list-item-label\">I have read and agree to the terms and conditions of the website, and consent to receive written communications from APER.<\/span><\/span><\/span><\/span><\/p>\n<\/div>\n<\/div>\n<div class=\"row\">\n<div class=\"col-sm-3\">\n<p><input class=\"wpcf7-form-control wpcf7-submit has-spinner button hr_primary bg_hr_gradient radius4 no_shadow hr_no_shadow hover_shine hover_light\" type=\"submit\" value=\"Send\" \/><\/p>\n<\/div>\n<\/div>\n<div class=\"wpcf7-response-output\" aria-hidden=\"true\"><\/div>\n<input type=\"hidden\" name=\"trp-form-language\" value=\"en\"\/><\/form>\n<\/div>\n<\/div>\n<\/div>\n<\/div>\n<\/div>\n<\/div>\n<\/div>\n<\/div>\n<\/div>\n<\/div>","protected":false},"excerpt":{"rendered":"<p>Formulaire d&rsquo;inscription ASSEMBL\u00c9E G\u00c9N\u00c9RALE ANNUELLE 2024 Le conseil d\u2019administration de l\u2019APER Sant\u00e9 et Services sociaux vous convie \u00e0 l\u2019Assembl\u00e9e g\u00e9n\u00e9rale annuelle 2024. L\u2019AGA se tiendra virtuellement le jeudi 24 octobre. Il y aura une s\u00e9ance d\u2019information en anglais \u00e0 12h00 et l\u2019AGA en fran\u00e7ais \u00e0 16h00. Je vais \u00eatre pr\u00e9sent pour l&rsquo;AGA en fran\u00e7ais a [&hellip;]<\/p>","protected":false},"author":1,"featured_media":0,"parent":0,"menu_order":0,"comment_status":"closed","ping_status":"closed","template":"","meta":{"_acf_changed":false,"footnotes":""},"class_list":["post-5400","page","type-page","status-publish","hentry"],"acf":[],"yoast_head":"<!-- This site is optimized with the Yoast SEO plugin v27.4 - https:\/\/yoast.com\/product\/yoast-seo-wordpress\/ -->\n<title>ASSEMBL\u00c9E G\u00c9N\u00c9RALE ANNUELLE 2024 - APER<\/title>\n<meta name=\"robots\" content=\"index, follow, max-snippet:-1, max-image-preview:large, max-video-preview:-1\" \/>\n<link rel=\"canonical\" href=\"https:\/\/aper.qc.ca\/en\/inscription-aga\/\" \/>\n<meta property=\"og:locale\" content=\"en_US\" \/>\n<meta property=\"og:type\" content=\"article\" \/>\n<meta property=\"og:title\" content=\"ASSEMBL\u00c9E G\u00c9N\u00c9RALE ANNUELLE 2024 - APER\" \/>\n<meta property=\"og:description\" content=\"Formulaire d&rsquo;inscription ASSEMBL\u00c9E G\u00c9N\u00c9RALE ANNUELLE 2024 Le conseil d\u2019administration de l\u2019APER Sant\u00e9 et Services sociaux vous convie \u00e0 l\u2019Assembl\u00e9e g\u00e9n\u00e9rale annuelle 2024. L\u2019AGA se tiendra virtuellement le jeudi 24 octobre. Il y aura une s\u00e9ance d\u2019information en anglais \u00e0 12h00 et l\u2019AGA en fran\u00e7ais \u00e0 16h00. Je vais \u00eatre pr\u00e9sent pour l&rsquo;AGA en fran\u00e7ais a [&hellip;]\" \/>\n<meta property=\"og:url\" content=\"https:\/\/aper.qc.ca\/en\/inscription-aga\/\" \/>\n<meta property=\"og:site_name\" content=\"APER\" \/>\n<meta property=\"article:modified_time\" content=\"2024-10-11T11:30:45+00:00\" \/>\n<meta name=\"twitter:card\" content=\"summary_large_image\" \/>\n<meta name=\"twitter:label1\" content=\"Est. reading time\" \/>\n\t<meta name=\"twitter:data1\" content=\"1 minute\" \/>\n<script type=\"application\/ld+json\" class=\"yoast-schema-graph\">{\"@context\":\"https:\\\/\\\/schema.org\",\"@graph\":[{\"@type\":\"WebPage\",\"@id\":\"https:\\\/\\\/aper.qc.ca\\\/inscription-aga\\\/\",\"url\":\"https:\\\/\\\/aper.qc.ca\\\/inscription-aga\\\/\",\"name\":\"ASSEMBL\u00c9E G\u00c9N\u00c9RALE ANNUELLE 2024 - APER\",\"isPartOf\":{\"@id\":\"https:\\\/\\\/aper.qc.ca\\\/#website\"},\"datePublished\":\"2024-10-11T11:11:43+00:00\",\"dateModified\":\"2024-10-11T11:30:45+00:00\",\"breadcrumb\":{\"@id\":\"https:\\\/\\\/aper.qc.ca\\\/inscription-aga\\\/#breadcrumb\"},\"inLanguage\":\"en-US\",\"potentialAction\":[{\"@type\":\"ReadAction\",\"target\":[\"https:\\\/\\\/aper.qc.ca\\\/inscription-aga\\\/\"]}]},{\"@type\":\"BreadcrumbList\",\"@id\":\"https:\\\/\\\/aper.qc.ca\\\/inscription-aga\\\/#breadcrumb\",\"itemListElement\":[{\"@type\":\"ListItem\",\"position\":1,\"name\":\"Accueil\",\"item\":\"https:\\\/\\\/aper.qc.ca\\\/\"},{\"@type\":\"ListItem\",\"position\":2,\"name\":\"ASSEMBL\u00c9E G\u00c9N\u00c9RALE ANNUELLE 2024\"}]},{\"@type\":\"WebSite\",\"@id\":\"https:\\\/\\\/aper.qc.ca\\\/#website\",\"url\":\"https:\\\/\\\/aper.qc.ca\\\/\",\"name\":\"APER\",\"description\":\"Au soutien des cadres\",\"potentialAction\":[{\"@type\":\"SearchAction\",\"target\":{\"@type\":\"EntryPoint\",\"urlTemplate\":\"https:\\\/\\\/aper.qc.ca\\\/?s={search_term_string}\"},\"query-input\":{\"@type\":\"PropertyValueSpecification\",\"valueRequired\":true,\"valueName\":\"search_term_string\"}}],\"inLanguage\":\"en-US\"}]}<\/script>\n<!-- \/ Yoast SEO plugin. -->","yoast_head_json":{"title":"ASSEMBL\u00c9E G\u00c9N\u00c9RALE ANNUELLE 2024 - APER","robots":{"index":"index","follow":"follow","max-snippet":"max-snippet:-1","max-image-preview":"max-image-preview:large","max-video-preview":"max-video-preview:-1"},"canonical":"https:\/\/aper.qc.ca\/en\/inscription-aga\/","og_locale":"en_US","og_type":"article","og_title":"ASSEMBL\u00c9E G\u00c9N\u00c9RALE ANNUELLE 2024 - APER","og_description":"Formulaire d&rsquo;inscription ASSEMBL\u00c9E G\u00c9N\u00c9RALE ANNUELLE 2024 Le conseil d\u2019administration de l\u2019APER Sant\u00e9 et Services sociaux vous convie \u00e0 l\u2019Assembl\u00e9e g\u00e9n\u00e9rale annuelle 2024. L\u2019AGA se tiendra virtuellement le jeudi 24 octobre. Il y aura une s\u00e9ance d\u2019information en anglais \u00e0 12h00 et l\u2019AGA en fran\u00e7ais \u00e0 16h00. Je vais \u00eatre pr\u00e9sent pour l&rsquo;AGA en fran\u00e7ais a [&hellip;]","og_url":"https:\/\/aper.qc.ca\/en\/inscription-aga\/","og_site_name":"APER","article_modified_time":"2024-10-11T11:30:45+00:00","twitter_card":"summary_large_image","twitter_misc":{"Est. reading time":"1 minute"},"schema":{"@context":"https:\/\/schema.org","@graph":[{"@type":"WebPage","@id":"https:\/\/aper.qc.ca\/inscription-aga\/","url":"https:\/\/aper.qc.ca\/inscription-aga\/","name":"ASSEMBL\u00c9E G\u00c9N\u00c9RALE ANNUELLE 2024 - APER","isPartOf":{"@id":"https:\/\/aper.qc.ca\/#website"},"datePublished":"2024-10-11T11:11:43+00:00","dateModified":"2024-10-11T11:30:45+00:00","breadcrumb":{"@id":"https:\/\/aper.qc.ca\/inscription-aga\/#breadcrumb"},"inLanguage":"en-US","potentialAction":[{"@type":"ReadAction","target":["https:\/\/aper.qc.ca\/inscription-aga\/"]}]},{"@type":"BreadcrumbList","@id":"https:\/\/aper.qc.ca\/inscription-aga\/#breadcrumb","itemListElement":[{"@type":"ListItem","position":1,"name":"Accueil","item":"https:\/\/aper.qc.ca\/"},{"@type":"ListItem","position":2,"name":"ASSEMBL\u00c9E G\u00c9N\u00c9RALE ANNUELLE 2024"}]},{"@type":"WebSite","@id":"https:\/\/aper.qc.ca\/#website","url":"https:\/\/aper.qc.ca\/","name":"APER","description":"Au soutien des cadres","potentialAction":[{"@type":"SearchAction","target":{"@type":"EntryPoint","urlTemplate":"https:\/\/aper.qc.ca\/?s={search_term_string}"},"query-input":{"@type":"PropertyValueSpecification","valueRequired":true,"valueName":"search_term_string"}}],"inLanguage":"en-US"}]}},"_links":{"self":[{"href":"https:\/\/aper.qc.ca\/en\/wp-json\/wp\/v2\/pages\/5400","targetHints":{"allow":["GET"]}}],"collection":[{"href":"https:\/\/aper.qc.ca\/en\/wp-json\/wp\/v2\/pages"}],"about":[{"href":"https:\/\/aper.qc.ca\/en\/wp-json\/wp\/v2\/types\/page"}],"author":[{"embeddable":true,"href":"https:\/\/aper.qc.ca\/en\/wp-json\/wp\/v2\/users\/1"}],"replies":[{"embeddable":true,"href":"https:\/\/aper.qc.ca\/en\/wp-json\/wp\/v2\/comments?post=5400"}],"version-history":[{"count":23,"href":"https:\/\/aper.qc.ca\/en\/wp-json\/wp\/v2\/pages\/5400\/revisions"}],"predecessor-version":[{"id":5428,"href":"https:\/\/aper.qc.ca\/en\/wp-json\/wp\/v2\/pages\/5400\/revisions\/5428"}],"wp:attachment":[{"href":"https:\/\/aper.qc.ca\/en\/wp-json\/wp\/v2\/media?parent=5400"}],"curies":[{"name":"wp","href":"https:\/\/api.w.org\/{rel}","templated":true}]}}