{"id":3640,"date":"2022-04-19T16:21:26","date_gmt":"2022-04-19T20:21:26","guid":{"rendered":"https:\/\/aper.qc.ca\/?page_id=3640"},"modified":"2026-04-21T10:18:53","modified_gmt":"2026-04-21T14:18:53","slug":"formations","status":"publish","type":"page","link":"https:\/\/aper.qc.ca\/en\/formations\/","title":{"rendered":"Training sessions"},"content":{"rendered":"<div class=\"vc_row wpb_row vc_row-fluid vc_custom_1647538106357 vc_row-has-fill bg-light dark_txt  svg_none svg_bottom_none  svg_bottom\" >\n                \n                    \n\t\t\t\t<div class=\"mo-vc-row-ovelay\" style=\"\"><\/div>\n\t\t\t<div class=\"container main-container\"><div class=\"wpb_column vc_column_container vc_col-sm-12\" id=\"[rev_slider alias=&quot;cnesst-1&quot;][\/rev_slider]\"><div class=\"vc_column-inner\"><div class=\"wpb_wrapper\">\n\t\t\t<!-- START Formations REVOLUTION SLIDER 6.5.14 --><p class=\"rs-p-wp-fix\"><\/p>\n\t\t\t<rs-module-wrap id=\"rev_slider_28_1_wrapper\" data-source=\"gallery\" style=\"visibility:hidden;background:#252b33;padding:0;\">\n\t\t\t\t<rs-module id=\"rev_slider_28_1\" style=\"\" data-version=\"6.5.14\">\n\t\t\t\t\t<rs-slides>\n\t\t\t\t\t\t<rs-slide style=\"position: absolute;\" data-key=\"rs-35\" data-title=\"Slide\" data-anim=\"e:slidingoverlay;ms:2000;\" data-in=\"o:1;y:-100%;\" data-out=\"a:false;\">\n\t\t\t\t\t\t\t<img decoding=\"async\" src=\"\/\/aper.qc.ca\/wp-content\/plugins\/revslider\/public\/assets\/assets\/dummy.png\" alt=\"\" title=\"background image of a business seminar in a bright conference room\" width=\"2048\" height=\"1172\" class=\"rev-slidebg tp-rs-img rs-lazyload\" data-lazyload=\"\/\/aper.qc.ca\/wp-content\/uploads\/2022\/04\/Formations-2048x1172.jpeg\" data-parallax=\"off\" data-no-retina>\n<!--\n\t\t\t\t\t\t\t--><h1\n\t\t\t\t\t\t\t\tid=\"slider-28-slide-35-layer-1\" \n\t\t\t\t\t\t\t\tclass=\"rs-layer\"\n\t\t\t\t\t\t\t\tdata-type=\"text\"\n\t\t\t\t\t\t\t\tdata-xy=\"x:c;xo:3px,0,-2px,3px;y:m;yo:14px,-20px,-1px,-45px;\"\n\t\t\t\t\t\t\t\tdata-text=\"w:normal,normal,normal,nowrap;s:60,55,50,40;l:68,68,55,40;fw:600;a:center,center,center,inherit;\"\n\t\t\t\t\t\t\t\tdata-dim=\"w:894px,770px,581px,auto;h:85px,auto,179px,106px;\"\n\t\t\t\t\t\t\t\tdata-rsp_bd=\"off\"\n\t\t\t\t\t\t\t\tdata-padding=\"t:0,0,0,10;b:0,0,0,10;\"\n\t\t\t\t\t\t\t\tdata-frame_0=\"y:100%;\"\n\t\t\t\t\t\t\t\tdata-frame_0_mask=\"u:t;y:100%;\"\n\t\t\t\t\t\t\t\tdata-frame_1=\"e:power2.inOut;sp:2000;sR:10;\"\n\t\t\t\t\t\t\t\tdata-frame_1_mask=\"u:t;\"\n\t\t\t\t\t\t\t\tdata-frame_999=\"o:0;st:w;sR:6990;\"\n\t\t\t\t\t\t\t\tstyle=\"z-index:5;font-family:'Poppins';\"\n\t\t\t\t\t\t\t>Training sessions \n\t\t\t\t\t\t\t<\/h1><!--\n\n\t\t\t\t\t\t\t--><h2\n\t\t\t\t\t\t\t\tid=\"slider-28-slide-35-layer-3\" \n\t\t\t\t\t\t\t\tclass=\"rs-layer\"\n\t\t\t\t\t\t\t\tdata-type=\"text\"\n\t\t\t\t\t\t\t\tdata-xy=\"x:c;xo:1px,0,3px,11px;y:m;yo:-50px,-87px,-121px,-151px;\"\n\t\t\t\t\t\t\t\tdata-text=\"s:16,16,16,16;l:16,30,30,16;ls:0,0px,0px,1px;fw:700,600,600,400;a:center;\"\n\t\t\t\t\t\t\t\tdata-dim=\"w:618,419px,528px,402px;h:55px,auto,35px,49px;\"\n\t\t\t\t\t\t\t\tdata-rsp_bd=\"off\"\n\t\t\t\t\t\t\t\tdata-padding=\"t:0,0,0,10;b:0,0,0,10;\"\n\t\t\t\t\t\t\t\tdata-frame_0=\"o:1;\"\n\t\t\t\t\t\t\t\tdata-frame_0_chars=\"d:5;x:105%;o:1;rX:45deg;rY:0deg;rZ:90deg;\"\n\t\t\t\t\t\t\t\tdata-frame_0_mask=\"u:t;\"\n\t\t\t\t\t\t\t\tdata-frame_1=\"e:power4.inOut;st:600;sp:0;sR:600;\"\n\t\t\t\t\t\t\t\tdata-frame_1_chars=\"d:5;\"\n\t\t\t\t\t\t\t\tdata-frame_1_mask=\"u:t;\"\n\t\t\t\t\t\t\t\tdata-frame_999=\"o:0;st:w;sR:5300;\"\n\t\t\t\t\t\t\t\tstyle=\"z-index:6;font-family:'Nunito Sans';\"\n\t\t\t\t\t\t\t><p style=\"padding-top:0.5rem\";>PROFESSIONAL GROWTH IS OUR PRIORITY <\/p> \n \n\t\t\t\t\t\t\t<\/h2><!--\n-->\t\t\t\t\t\t<\/rs-slide>\n\t\t\t\t\t<\/rs-slides>\n\t\t\t\t<\/rs-module>\n\t\t\t\t<script>\n\t\t\t\t\tsetREVStartSize({c: 'rev_slider_28_1',rl:[1240,1024,778,480],el:[868,768,960,767],gw:[1240,1024,778,480],gh:[868,768,960,767],type:'standard',justify:'',layout:'fullscreen',offsetContainer:'',offset:'20%',mh:\"0\"});if (window.RS_MODULES!==undefined && window.RS_MODULES.modules!==undefined && window.RS_MODULES.modules[\"revslider281\"]!==undefined) {window.RS_MODULES.modules[\"revslider281\"].once = false;window.revapi28 = undefined;if (window.RS_MODULES.checkMinimal!==undefined) window.RS_MODULES.checkMinimal()}\n\t\t\t\t<\/script>\n\t\t\t<\/rs-module-wrap>\n\t\t\t<!-- END REVOLUTION SLIDER -->\n<\/div><\/div><\/div><\/div><\/div><div class=\"vc_row wpb_row vc_row-fluid vc_custom_1647540855934 bg-light dark_txt  svg_none svg_bottom_none  svg_bottom\" >\n                \n                    \n\t\t\t\t<div class=\"mo-vc-row-ovelay\" style=\"\"><\/div>\n\t\t\t<div class=\"container main-container\"><div class=\"wpb_column vc_column_container vc_col-sm-12\"><div class=\"vc_column-inner\"><div class=\"wpb_wrapper\">      <div class=\"pixi_heading-style1 text-center\" data-wow-delay=\"0.1s\"><h5>INFORMATION AND ADVICE<\/h5><h3>Training you can actually use<\/h3>                    \n    <\/div>\n    \n\t<div class=\"wpb_text_column wpb_content_element  vc_custom_1699629711768\" >\n\t\t<div class=\"wpb_wrapper\">\n\t\t\t<p style=\"text-align: center;\">We strive to support the professional development of our members and be there at every step of their careers. We offer a comprehensive catalogue of training courses, seminars, and workshops on all the key topics you need to know about.<\/p>\n\n\t\t<\/div>\n\t<\/div>\n\n\t<div class=\"wpb_text_column wpb_content_element\" >\n\t\t<div class=\"wpb_wrapper\">\n\t\t\t<ul>\n<li>Demystifying Budget Management<\/li>\n<li>Recent Developments in Case Law and Management<\/li>\n<li>Understand manager classification system<\/li>\n<li>Retirement planification<\/li>\n<li>Financial planning<\/li>\n<li>Etc.<\/li>\n<\/ul>\n\n\t\t<\/div>\n\t<\/div>\n<\/div><\/div><\/div><\/div><\/div><div class=\"vc_row wpb_row vc_row-fluid bg-grey vc_custom_1540150412033 vc_row-has-fill bg-light dark_txt  svg_none svg_bottom_none  svg_bottom\" >\n                \n                    \n\t\t\t\t<div class=\"mo-vc-row-ovelay\" style=\"\"><\/div>\n\t\t\t<div class=\"container main-container\"><div class=\"wpb_column vc_column_container vc_col-sm-11\"><div class=\"vc_column-inner\"><div class=\"wpb_wrapper\"><div class=\"vc_row wpb_row vc_inner vc_row-fluid vc_custom_1538862189221\"><div class=\"wpb_column vc_column_container vc_col-sm-4\"><div class=\"vc_column-inner vc_custom_1540564113700\"><div class=\"wpb_wrapper\">      <div class=\"pixi_heading-style1 text-left\" data-wow-delay=\"0.1s\"><h3>Formations en ligne offertes<\/h3>                    \n    <\/div>\n    \n\t<div class=\"wpb_text_column wpb_content_element\" >\n\t\t<div class=\"wpb_wrapper\">\n\t\t\t<p>APER offers training activities that you can complete online, at a time that suits you, based on your availability.<\/p>\n\n\t\t<\/div>\n\t<\/div>\n<\/div><\/div><\/div><div class=\"wpb_column vc_column_container vc_col-sm-4\"><div class=\"vc_column-inner\"><div class=\"wpb_wrapper\">\t<div class=\"image_box  pixi_image_box-style3 wow fadeInUp\" data-wow-delay=\"0.1s\">\n        \n\t\t<div class=\"thumb-service\">\n\t\t\t<img decoding=\"async\" src=\"https:\/\/aper.qc.ca\/wp-content\/uploads\/2022\/04\/APER_Publicite\u0301_1_1-scaled.jpg\" alt=\"Workplace harassment\"\/>\n\t\t<\/div><div class=\"title-wrap\">\n  <h6>Workplace harassment<\/h6><div class=\"content\">Do you know what to do when someone files a harassment complaint? This empowering 40-minute training session is designed to bring you up to speed on best practices for promoting a healthy work environment free of all forms of harassment.<\/div> <\/div>\n\t<\/div>\n    \n\t<div class=\"wpb_text_column wpb_content_element\" >\n\t\t<div class=\"wpb_wrapper\">\n\t\t\t<p>In a context where prevention, respect, and the quality of workplaces are essential, this training is offered to everyone, members and non-members alike.<\/p>\n\n\t\t<\/div>\n\t<\/div>\n     <div class=\"text-left\" data-wow-delay=\"0.1s\">\n          <a class=\"button light hr_light bg_gradient  bg_hr_primary medium radius4 no_shadow hr_no_shadow hover_shine\" href=\"https:\/\/aper.qc.ca\/en\/harcelement-diversite-et-inclusion\/\" target=\"_self\">See training session<\/a> \n\t <\/div>\n    <\/div><\/div><\/div><\/div><\/div><\/div><\/div><\/div><\/div><div class=\"vc_row wpb_row vc_row-fluid vc_custom_1646606902230 bg-color-main white_txt  svg_none svg_bottom_none  svg_bottom\" >\n                \n                    \n\t\t\t\t<div class=\"mo-vc-row-ovelay\" style=\"\"><\/div>\n\t\t\t<div class=\"container main-container\"><div class=\"wpb_column vc_column_container vc_col-sm-12\"><div class=\"vc_column-inner\"><div class=\"wpb_wrapper\"><div class=\"vc_row wpb_row vc_inner vc_row-fluid\"><div class=\"wpb_column vc_column_container vc_col-sm-8\"><div class=\"vc_column-inner\"><div class=\"wpb_wrapper\">\n\t<div class=\"wpb_text_column wpb_content_element  vc_custom_1649973262952\" >\n\t\t<div class=\"wpb_wrapper\">\n\t\t\t<h4>Special member services and benefits<\/h4>\n<p>Your APER membership gives you access to a wealth of services designed to meet your needs (and many members-only perks as well!). Become a member and start receiving benefits today!<\/p>\n\n\t\t<\/div>\n\t<\/div>\n<\/div><\/div><\/div><div class=\"wpb_column vc_column_container vc_col-sm-4\"><div class=\"vc_column-inner vc_custom_1540565269653\"><div class=\"wpb_wrapper\">     <div class=\"text-center\" data-wow-delay=\"0.1s\">\n          <a class=\"button light hr_primary outline_light  bg_hr_light medium radius4 no_shadow hr_no_shadow hover_shine\" href=\"https:\/\/aper.qc.ca\/en\/devenir-membre\/\" target=\"_self\">Become a Member<\/a> \n\t <\/div>\n    <\/div><\/div><\/div><\/div><\/div><\/div><\/div><\/div><\/div>","protected":false},"excerpt":{"rendered":"Formations D\u00c9VELOPPEMENT PROFESSIONNEL VOUS INFORMER ET VOUS GUIDERDes activit\u00e9s pertinentes et utiles Soucieuse de soutenir le d\u00e9veloppement professionnel de ses membres et de les accompagner tout au long de leur parcours, l\u2019APER propose diverses activit\u00e9s de formation, des conf\u00e9rences et des ateliers sur une vari\u00e9t\u00e9 de sujets, tous plus pertinents les uns que les autres. [...]","protected":false},"author":1,"featured_media":0,"parent":0,"menu_order":0,"comment_status":"closed","ping_status":"closed","template":"page-no-title-bar.php","meta":{"_acf_changed":false,"footnotes":""},"class_list":["post-3640","page","type-page","status-publish","hentry"],"acf":[],"yoast_head":"<!-- This site is optimized with the Yoast SEO plugin v27.4 - https:\/\/yoast.com\/product\/yoast-seo-wordpress\/ -->\n<title>APER | Activit\u00e9s et formations<\/title>\n<meta name=\"description\" content=\"Apprenez-en plus sur les activit\u00e9s, formations et conf\u00e9rences organis\u00e9es par l&#039;APER pour soutenir le d\u00e9veloppement professionnel de ses membres.\" \/>\n<meta name=\"robots\" content=\"index, follow, max-snippet:-1, max-image-preview:large, max-video-preview:-1\" \/>\n<link rel=\"canonical\" href=\"https:\/\/aper.qc.ca\/en\/formations\/\" \/>\n<meta property=\"og:locale\" content=\"en_US\" \/>\n<meta property=\"og:type\" content=\"article\" \/>\n<meta property=\"og:title\" content=\"APER | Activit\u00e9s et formations\" \/>\n<meta property=\"og:description\" content=\"Apprenez-en plus sur les activit\u00e9s, formations et conf\u00e9rences organis\u00e9es par l&#039;APER pour soutenir le d\u00e9veloppement professionnel de ses membres.\" \/>\n<meta property=\"og:url\" content=\"https:\/\/aper.qc.ca\/en\/formations\/\" \/>\n<meta property=\"og:site_name\" content=\"APER\" \/>\n<meta property=\"article:modified_time\" content=\"2026-04-21T14:18:53+00:00\" \/>\n<meta name=\"twitter:card\" content=\"summary_large_image\" \/>\n<meta name=\"twitter:label1\" content=\"Est. reading time\" \/>\n\t<meta name=\"twitter:data1\" content=\"2 minutes\" \/>\n<script type=\"application\/ld+json\" class=\"yoast-schema-graph\">{\"@context\":\"https:\\\/\\\/schema.org\",\"@graph\":[{\"@type\":\"WebPage\",\"@id\":\"https:\\\/\\\/aper.qc.ca\\\/formations\\\/\",\"url\":\"https:\\\/\\\/aper.qc.ca\\\/formations\\\/\",\"name\":\"APER | Activit\u00e9s et formations\",\"isPartOf\":{\"@id\":\"https:\\\/\\\/aper.qc.ca\\\/#website\"},\"datePublished\":\"2022-04-19T20:21:26+00:00\",\"dateModified\":\"2026-04-21T14:18:53+00:00\",\"description\":\"Apprenez-en plus sur les activit\u00e9s, formations et conf\u00e9rences organis\u00e9es par l'APER pour soutenir le d\u00e9veloppement professionnel de ses membres.\",\"breadcrumb\":{\"@id\":\"https:\\\/\\\/aper.qc.ca\\\/formations\\\/#breadcrumb\"},\"inLanguage\":\"en-US\",\"potentialAction\":[{\"@type\":\"ReadAction\",\"target\":[\"https:\\\/\\\/aper.qc.ca\\\/formations\\\/\"]}]},{\"@type\":\"BreadcrumbList\",\"@id\":\"https:\\\/\\\/aper.qc.ca\\\/formations\\\/#breadcrumb\",\"itemListElement\":[{\"@type\":\"ListItem\",\"position\":1,\"name\":\"Accueil\",\"item\":\"https:\\\/\\\/aper.qc.ca\\\/\"},{\"@type\":\"ListItem\",\"position\":2,\"name\":\"Formations\"}]},{\"@type\":\"WebSite\",\"@id\":\"https:\\\/\\\/aper.qc.ca\\\/#website\",\"url\":\"https:\\\/\\\/aper.qc.ca\\\/\",\"name\":\"APER\",\"description\":\"Au soutien des cadres\",\"potentialAction\":[{\"@type\":\"SearchAction\",\"target\":{\"@type\":\"EntryPoint\",\"urlTemplate\":\"https:\\\/\\\/aper.qc.ca\\\/?s={search_term_string}\"},\"query-input\":{\"@type\":\"PropertyValueSpecification\",\"valueRequired\":true,\"valueName\":\"search_term_string\"}}],\"inLanguage\":\"en-US\"}]}<\/script>\n<!-- \/ Yoast SEO plugin. -->","yoast_head_json":{"title":"APER | Activit\u00e9s et formations","description":"Apprenez-en plus sur les activit\u00e9s, formations et conf\u00e9rences organis\u00e9es par l'APER pour soutenir le d\u00e9veloppement professionnel de ses membres.","robots":{"index":"index","follow":"follow","max-snippet":"max-snippet:-1","max-image-preview":"max-image-preview:large","max-video-preview":"max-video-preview:-1"},"canonical":"https:\/\/aper.qc.ca\/en\/formations\/","og_locale":"en_US","og_type":"article","og_title":"APER | Activit\u00e9s et formations","og_description":"Apprenez-en plus sur les activit\u00e9s, formations et conf\u00e9rences organis\u00e9es par l'APER pour soutenir le d\u00e9veloppement professionnel de ses membres.","og_url":"https:\/\/aper.qc.ca\/en\/formations\/","og_site_name":"APER","article_modified_time":"2026-04-21T14:18:53+00:00","twitter_card":"summary_large_image","twitter_misc":{"Est. reading time":"2 minutes"},"schema":{"@context":"https:\/\/schema.org","@graph":[{"@type":"WebPage","@id":"https:\/\/aper.qc.ca\/formations\/","url":"https:\/\/aper.qc.ca\/formations\/","name":"APER | Activit\u00e9s et formations","isPartOf":{"@id":"https:\/\/aper.qc.ca\/#website"},"datePublished":"2022-04-19T20:21:26+00:00","dateModified":"2026-04-21T14:18:53+00:00","description":"Apprenez-en plus sur les activit\u00e9s, formations et conf\u00e9rences organis\u00e9es par l'APER pour soutenir le d\u00e9veloppement professionnel de ses membres.","breadcrumb":{"@id":"https:\/\/aper.qc.ca\/formations\/#breadcrumb"},"inLanguage":"en-US","potentialAction":[{"@type":"ReadAction","target":["https:\/\/aper.qc.ca\/formations\/"]}]},{"@type":"BreadcrumbList","@id":"https:\/\/aper.qc.ca\/formations\/#breadcrumb","itemListElement":[{"@type":"ListItem","position":1,"name":"Accueil","item":"https:\/\/aper.qc.ca\/"},{"@type":"ListItem","position":2,"name":"Formations"}]},{"@type":"WebSite","@id":"https:\/\/aper.qc.ca\/#website","url":"https:\/\/aper.qc.ca\/","name":"APER","description":"Au soutien des cadres","potentialAction":[{"@type":"SearchAction","target":{"@type":"EntryPoint","urlTemplate":"https:\/\/aper.qc.ca\/?s={search_term_string}"},"query-input":{"@type":"PropertyValueSpecification","valueRequired":true,"valueName":"search_term_string"}}],"inLanguage":"en-US"}]}},"_links":{"self":[{"href":"https:\/\/aper.qc.ca\/en\/wp-json\/wp\/v2\/pages\/3640","targetHints":{"allow":["GET"]}}],"collection":[{"href":"https:\/\/aper.qc.ca\/en\/wp-json\/wp\/v2\/pages"}],"about":[{"href":"https:\/\/aper.qc.ca\/en\/wp-json\/wp\/v2\/types\/page"}],"author":[{"embeddable":true,"href":"https:\/\/aper.qc.ca\/en\/wp-json\/wp\/v2\/users\/1"}],"replies":[{"embeddable":true,"href":"https:\/\/aper.qc.ca\/en\/wp-json\/wp\/v2\/comments?post=3640"}],"version-history":[{"count":84,"href":"https:\/\/aper.qc.ca\/en\/wp-json\/wp\/v2\/pages\/3640\/revisions"}],"predecessor-version":[{"id":5872,"href":"https:\/\/aper.qc.ca\/en\/wp-json\/wp\/v2\/pages\/3640\/revisions\/5872"}],"wp:attachment":[{"href":"https:\/\/aper.qc.ca\/en\/wp-json\/wp\/v2\/media?parent=3640"}],"curies":[{"name":"wp","href":"https:\/\/api.w.org\/{rel}","templated":true}]}}