{"id":336,"date":"2018-06-05T18:45:56","date_gmt":"2018-06-05T22:45:56","guid":{"rendered":"http:\/\/motivoweb.com\/pixi\/?page_id=336"},"modified":"2022-04-26T12:28:48","modified_gmt":"2022-04-26T16:28:48","slug":"info-cadre","status":"publish","type":"page","link":"https:\/\/aper.qc.ca\/en\/info-cadre\/","title":{"rendered":"Info-Cadre Newsletter"},"content":{"rendered":"<div class=\"vc_row wpb_row vc_row-fluid vc_custom_1538745242706 bg-light dark_txt  svg_none svg_bottom_none  svg_bottom\" >\n                \n                    \n\t\t\t\t<div class=\"mo-vc-row-ovelay\" style=\"\"><\/div>\n\t\t\t<div class=\"container main-container\"><div class=\"wpb_column vc_column_container vc_col-sm-12\"><div class=\"vc_column-inner\"><div class=\"wpb_wrapper\"><div class=\"vc_row wpb_row vc_inner vc_row-fluid\"><div class=\"wpb_column vc_column_container vc_col-sm-12\"><div class=\"vc_column-inner\"><div class=\"wpb_wrapper\">      <div class=\"pixi_heading-style1 text-center\" data-wow-delay=\"0.1s\"><h5>YOUR BUSINESS IS OUR BUSINESS<\/h5><h3>Guidance, advice, insights<\/h3>                    \n    <\/div>\n    \n\t<div class=\"wpb_text_column wpb_content_element  vc_custom_1650990465432\" >\n\t\t<div class=\"wpb_wrapper\">\n\t\t\t<p style=\"text-align: center;\">Our quarterly bilingual newsletter is packed with informative articles on hot industry topics. Get valuable answers to your questions and smart advice on career development, management trends, and best practices. Info-Cadre: A must-read for insights and information!<\/p>\n\n\t\t<\/div>\n\t<\/div>\n<\/div><\/div><\/div><\/div>    <div class=\"blog-posts more-posts-wrapper\"> \n            <div class=\"row grid-masonry\">\n\t\t\t\t\t\t<div class=\"posts masonry-posts\">\n\t\t\t\t\t\t\t \t\t\t\t\t\t\t \t\t\t\t\t\t\t<div class=\"masonry-post post post-item col-xs-12 col-sm-6 col-md-4 col-lg-4 mo-blog-masonry-wrapper clearfix grid3\">\n\t\t\t\t\t\t\t\t<article id=\"post-5848\" class=\"post-5848 post type-post status-publish format-standard hentry category-info-cadre\">\n    <div class=\"grid-post-simple wow fadeInUp\" data-wow-delay=\".18s\">\n    <div class=\"thumbnail-post\"><\/div>\n    <div class=\"info-post\">\n\t\t<p class=\"term\"><a href=\"https:\/\/aper.qc.ca\/en\/category\/info-cadre\/\" rel=\"tag\">Info-Cadre March-April 2025<\/a><\/p>\n        <h3 class=\"post-title\"><a href=\"https:\/\/aper.qc.ca\/en\/edition-mars-2026\/\">March 2026 Edition<\/a><\/h3>\n        <p class=\"content\"><\/p>\n        <ul class=\"meta-post\">\n            <li>admin<\/li>  -  <li>March 17, 2026<\/li>\n        <\/ul>\n    <\/div>\n  <\/div>\n<\/article>\t\t\t\t\t\t\t<\/div><!--post-->\n\t\t\t\t\t\t\t\t\t\t\t\t\t\t \t\t\t\t\t\t\t<div class=\"masonry-post post post-item col-xs-12 col-sm-6 col-md-4 col-lg-4 mo-blog-masonry-wrapper clearfix grid3\">\n\t\t\t\t\t\t\t\t<article id=\"post-5773\" class=\"post-5773 post type-post status-publish format-standard hentry category-info-cadre\">\n    <div class=\"grid-post-simple wow fadeInUp\" data-wow-delay=\".36s\">\n    <div class=\"thumbnail-post\"><\/div>\n    <div class=\"info-post\">\n\t\t<p class=\"term\"><a href=\"https:\/\/aper.qc.ca\/en\/category\/info-cadre\/\" rel=\"tag\">Info-Cadre March-April 2025<\/a><\/p>\n        <h3 class=\"post-title\"><a href=\"https:\/\/aper.qc.ca\/en\/edition-decembre-2025\/\">December 2025 Edition<\/a><\/h3>\n        <p class=\"content\"><\/p>\n        <ul class=\"meta-post\">\n            <li>admin<\/li>  -  <li>December 15, 2025<\/li>\n        <\/ul>\n    <\/div>\n  <\/div>\n<\/article>\t\t\t\t\t\t\t<\/div><!--post-->\n\t\t\t\t\t\t\t\t\t\t\t\t\t\t \t\t\t\t\t\t\t<div class=\"masonry-post post post-item col-xs-12 col-sm-6 col-md-4 col-lg-4 mo-blog-masonry-wrapper clearfix grid3\">\n\t\t\t\t\t\t\t\t<article id=\"post-5713\" class=\"post-5713 post type-post status-publish format-standard hentry category-info-cadre\">\n    <div class=\"grid-post-simple wow fadeInUp\" data-wow-delay=\".54s\">\n    <div class=\"thumbnail-post\"><\/div>\n    <div class=\"info-post\">\n\t\t<p class=\"term\"><a href=\"https:\/\/aper.qc.ca\/en\/category\/info-cadre\/\" rel=\"tag\">Info-Cadre March-April 2025<\/a><\/p>\n        <h3 class=\"post-title\"><a href=\"https:\/\/aper.qc.ca\/en\/edition-septembre-2025\/\">September 2025 Edition<\/a><\/h3>\n        <p class=\"content\"><\/p>\n        <ul class=\"meta-post\">\n            <li>admin<\/li>  -  <li>September 5, 2025<\/li>\n        <\/ul>\n    <\/div>\n  <\/div>\n<\/article>\t\t\t\t\t\t\t<\/div><!--post-->\n\t\t\t\t\t\t\t\t\t\t\t\t\t\t \t\t\t\t\t\t\t<div class=\"masonry-post post post-item col-xs-12 col-sm-6 col-md-4 col-lg-4 mo-blog-masonry-wrapper clearfix grid3\">\n\t\t\t\t\t\t\t\t<article id=\"post-5634\" class=\"post-5634 post type-post status-publish format-standard hentry category-info-cadre\">\n    <div class=\"grid-post-simple wow fadeInUp\" data-wow-delay=\".72s\">\n    <div class=\"thumbnail-post\"><\/div>\n    <div class=\"info-post\">\n\t\t<p class=\"term\"><a href=\"https:\/\/aper.qc.ca\/en\/category\/info-cadre\/\" rel=\"tag\">Info-Cadre March-April 2025<\/a><\/p>\n        <h3 class=\"post-title\"><a href=\"https:\/\/aper.qc.ca\/en\/edition-de-juin-2025\/\">June 2025 Edition<\/a><\/h3>\n        <p class=\"content\"><\/p>\n        <ul class=\"meta-post\">\n            <li>admin<\/li>  -  <li>June 11, 2025<\/li>\n        <\/ul>\n    <\/div>\n  <\/div>\n<\/article>\t\t\t\t\t\t\t<\/div><!--post-->\n\t\t\t\t\t\t\t\t\t\t\t\t\t\t \t\t\t\t\t\t\t<div class=\"masonry-post post post-item col-xs-12 col-sm-6 col-md-4 col-lg-4 mo-blog-masonry-wrapper clearfix grid3\">\n\t\t\t\t\t\t\t\t<article id=\"post-5568\" class=\"post-5568 post type-post status-publish format-standard hentry category-info-cadre\">\n    <div class=\"grid-post-simple wow fadeInUp\" data-wow-delay=\".90s\">\n    <div class=\"thumbnail-post\"><\/div>\n    <div class=\"info-post\">\n\t\t<p class=\"term\"><a href=\"https:\/\/aper.qc.ca\/en\/category\/info-cadre\/\" rel=\"tag\">Info-Cadre March-April 2025<\/a><\/p>\n        <h3 class=\"post-title\"><a href=\"https:\/\/aper.qc.ca\/en\/info-cadre-mars-avril-2025\/\">INFO-CADRE MARS-AVRIL 2025<\/a><\/h3>\n        <p class=\"content\"><\/p>\n        <ul class=\"meta-post\">\n            <li>admin<\/li>  -  <li>March 12, 2025<\/li>\n        <\/ul>\n    <\/div>\n  <\/div>\n<\/article>\t\t\t\t\t\t\t<\/div><!--post-->\n\t\t\t\t\t\t\t\t\t\t\t\t\t\t \t\t\t\t\t\t\t<div class=\"masonry-post post post-item col-xs-12 col-sm-6 col-md-4 col-lg-4 mo-blog-masonry-wrapper clearfix grid3\">\n\t\t\t\t\t\t\t\t<article id=\"post-5523\" class=\"post-5523 post type-post status-publish format-standard hentry category-info-cadre\">\n    <div class=\"grid-post-simple wow fadeInUp\" data-wow-delay=\".108s\">\n    <div class=\"thumbnail-post\"><\/div>\n    <div class=\"info-post\">\n\t\t<p class=\"term\"><a href=\"https:\/\/aper.qc.ca\/en\/category\/info-cadre\/\" rel=\"tag\">Info-Cadre March-April 2025<\/a><\/p>\n        <h3 class=\"post-title\"><a href=\"https:\/\/aper.qc.ca\/en\/edition-decembre-2024\/\">December 2024 Edition<\/a><\/h3>\n        <p class=\"content\"><\/p>\n        <ul class=\"meta-post\">\n            <li>admin<\/li>  -  <li>December 16, 2024<\/li>\n        <\/ul>\n    <\/div>\n  <\/div>\n<\/article>\t\t\t\t\t\t\t<\/div><!--post-->\n\t\t\t\t\t\t\t\t\t\t\t\t\t\t \t\t\t\t\t\t\t<div class=\"masonry-post post post-item col-xs-12 col-sm-6 col-md-4 col-lg-4 mo-blog-masonry-wrapper clearfix grid3\">\n\t\t\t\t\t\t\t\t<article id=\"post-5380\" class=\"post-5380 post type-post status-publish format-standard hentry category-info-cadre\">\n    <div class=\"grid-post-simple wow fadeInUp\" data-wow-delay=\".126s\">\n    <div class=\"thumbnail-post\"><\/div>\n    <div class=\"info-post\">\n\t\t<p class=\"term\"><a href=\"https:\/\/aper.qc.ca\/en\/category\/info-cadre\/\" rel=\"tag\">Info-Cadre March-April 2025<\/a><\/p>\n        <h3 class=\"post-title\"><a href=\"https:\/\/aper.qc.ca\/en\/edition-septembre-2024\/\">September 2024 edition<\/a><\/h3>\n        <p class=\"content\"><\/p>\n        <ul class=\"meta-post\">\n            <li>admin<\/li>  -  <li>September 10, 2024<\/li>\n        <\/ul>\n    <\/div>\n  <\/div>\n<\/article>\t\t\t\t\t\t\t<\/div><!--post-->\n\t\t\t\t\t\t\t\t\t\t\t\t\t\t \t\t\t\t\t\t\t<div class=\"masonry-post post post-item col-xs-12 col-sm-6 col-md-4 col-lg-4 mo-blog-masonry-wrapper clearfix grid3\">\n\t\t\t\t\t\t\t\t<article id=\"post-5329\" class=\"post-5329 post type-post status-publish format-standard hentry category-info-cadre\">\n    <div class=\"grid-post-simple wow fadeInUp\" data-wow-delay=\".144s\">\n    <div class=\"thumbnail-post\"><\/div>\n    <div class=\"info-post\">\n\t\t<p class=\"term\"><a href=\"https:\/\/aper.qc.ca\/en\/category\/info-cadre\/\" rel=\"tag\">Info-Cadre March-April 2025<\/a><\/p>\n        <h3 class=\"post-title\"><a href=\"https:\/\/aper.qc.ca\/en\/edition-juin-2024\/\">JUNE 2024 Edition<\/a><\/h3>\n        <p class=\"content\"><\/p>\n        <ul class=\"meta-post\">\n            <li>admin<\/li>  -  <li>June 11, 2024<\/li>\n        <\/ul>\n    <\/div>\n  <\/div>\n<\/article>\t\t\t\t\t\t\t<\/div><!--post-->\n\t\t\t\t\t\t\t\t\t\t\t\t\t\t \t\t\t\t\t\t\t<div class=\"masonry-post post post-item col-xs-12 col-sm-6 col-md-4 col-lg-4 mo-blog-masonry-wrapper clearfix grid3\">\n\t\t\t\t\t\t\t\t<article id=\"post-5275\" class=\"post-5275 post type-post status-publish format-standard hentry category-info-cadre\">\n    <div class=\"grid-post-simple wow fadeInUp\" data-wow-delay=\".162s\">\n    <div class=\"thumbnail-post\"><\/div>\n    <div class=\"info-post\">\n\t\t<p class=\"term\"><a href=\"https:\/\/aper.qc.ca\/en\/category\/info-cadre\/\" rel=\"tag\">Info-Cadre March-April 2025<\/a><\/p>\n        <h3 class=\"post-title\"><a href=\"https:\/\/aper.qc.ca\/en\/edition-de-mars-2024\/\">March 2024 Edition<\/a><\/h3>\n        <p class=\"content\"><\/p>\n        <ul class=\"meta-post\">\n            <li>admin<\/li>  -  <li>April 9, 2024<\/li>\n        <\/ul>\n    <\/div>\n  <\/div>\n<\/article>\t\t\t\t\t\t\t<\/div><!--post-->\n\t\t\t\t\t\t\t                        <\/div>\n\t\t      <div class=\"clearfix\"><\/div>\n\t\t\t<nav class=\"mo-pagination mo-pagination-numeric\"><span aria-current=\"page\" class=\"page-numbers current\">1<\/span>\n<a class=\"page-numbers\" href=\"https:\/\/aper.qc.ca\/en\/wp-json\/wp\/v2\/pages\/336\/page\/2\/\">2<\/a>\n<a class=\"page-numbers\" href=\"https:\/\/aper.qc.ca\/en\/wp-json\/wp\/v2\/pages\/336\/page\/3\/\">3<\/a>\n<a class=\"next page-numbers\" href=\"https:\/\/aper.qc.ca\/en\/wp-json\/wp\/v2\/pages\/336\/page\/2\/\"><i class=\"fa fa-long-arrow-right\"><\/i><\/a><\/nav>           <\/div><!-- end row grid-masonry  -->\n         <\/div><!-- end  more-posts-wrapper -->\n       <\/div><\/div><\/div><\/div><\/div><div class=\"vc_row wpb_row vc_row-fluid vc_custom_1646606902230 bg-color-main white_txt  svg_none svg_bottom_none  svg_bottom\" >\n                \n                    \n\t\t\t\t<div class=\"mo-vc-row-ovelay\" style=\"\"><\/div>\n\t\t\t<div class=\"container main-container\"><div class=\"wpb_column vc_column_container vc_col-sm-12\"><div class=\"vc_column-inner\"><div class=\"wpb_wrapper\"><div class=\"vc_row wpb_row vc_inner vc_row-fluid\"><div class=\"wpb_column vc_column_container vc_col-sm-8\"><div class=\"vc_column-inner\"><div class=\"wpb_wrapper\">\n\t<div class=\"wpb_text_column wpb_content_element  vc_custom_1648785310495\" >\n\t\t<div class=\"wpb_wrapper\">\n\t\t\t<h4>Special member services and benefits<\/h4>\n<p>Votre adh\u00e9sion \u00e0 l\u2019APER vous donne acc\u00e8s \u00e0 une vaste gamme de services visant \u00e0 r\u00e9pondre \u00e0 tous vos besoins, tout en vous permettant de b\u00e9n\u00e9ficier de plusieurs autres avantages! Profitez-en d\u00e8s maintenant!<\/p>\n\n\t\t<\/div>\n\t<\/div>\n<\/div><\/div><\/div><div class=\"wpb_column vc_column_container vc_col-sm-4\"><div class=\"vc_column-inner vc_custom_1540565269653\"><div class=\"wpb_wrapper\">     <div class=\"text-center\" data-wow-delay=\"0.1s\">\n          <a class=\"button light hr_primary outline_light  bg_hr_light medium radius4 no_shadow hr_no_shadow hover_shine\" href=\"#\" target=\"_self\">Become a Member<\/a> \n\t <\/div>\n    <\/div><\/div><\/div><\/div><\/div><\/div><\/div><\/div><\/div>","protected":false},"excerpt":{"rendered":"","protected":false},"author":1,"featured_media":0,"parent":0,"menu_order":0,"comment_status":"closed","ping_status":"closed","template":"","meta":{"_acf_changed":false,"footnotes":""},"class_list":["post-336","page","type-page","status-publish","hentry"],"acf":[],"yoast_head":"<!-- This site is optimized with the Yoast SEO plugin v27.4 - https:\/\/yoast.com\/product\/yoast-seo-wordpress\/ -->\n<title>APER | Info-Cadre<\/title>\n<meta name=\"description\" content=\"Consultez notre infolettre et d\u00e9couvrez des articles int\u00e9ressants et pertinents sur les meilleures pratiques et tendances en gestion, et bien plus!\" \/>\n<meta name=\"robots\" content=\"index, follow, max-snippet:-1, max-image-preview:large, max-video-preview:-1\" \/>\n<link rel=\"canonical\" href=\"https:\/\/aper.qc.ca\/en\/info-cadre\/\" \/>\n<meta property=\"og:locale\" content=\"en_US\" \/>\n<meta property=\"og:type\" content=\"article\" \/>\n<meta property=\"og:title\" content=\"APER | Info-Cadre\" \/>\n<meta property=\"og:description\" content=\"Consultez notre infolettre et d\u00e9couvrez des articles int\u00e9ressants et pertinents sur les meilleures pratiques et tendances en gestion, et bien plus!\" \/>\n<meta property=\"og:url\" content=\"https:\/\/aper.qc.ca\/en\/info-cadre\/\" \/>\n<meta property=\"og:site_name\" content=\"APER\" \/>\n<meta property=\"article:modified_time\" content=\"2022-04-26T16:28:48+00:00\" \/>\n<meta name=\"twitter:card\" content=\"summary_large_image\" \/>\n<meta name=\"twitter:label1\" content=\"Est. reading time\" \/>\n\t<meta name=\"twitter:data1\" content=\"1 minute\" \/>\n<script type=\"application\/ld+json\" class=\"yoast-schema-graph\">{\"@context\":\"https:\\\/\\\/schema.org\",\"@graph\":[{\"@type\":\"WebPage\",\"@id\":\"https:\\\/\\\/aper.qc.ca\\\/info-cadre\\\/\",\"url\":\"https:\\\/\\\/aper.qc.ca\\\/info-cadre\\\/\",\"name\":\"APER | Info-Cadre\",\"isPartOf\":{\"@id\":\"https:\\\/\\\/aper.qc.ca\\\/#website\"},\"datePublished\":\"2018-06-05T22:45:56+00:00\",\"dateModified\":\"2022-04-26T16:28:48+00:00\",\"description\":\"Consultez notre infolettre et d\u00e9couvrez des articles int\u00e9ressants et pertinents sur les meilleures pratiques et tendances en gestion, et bien plus!\",\"breadcrumb\":{\"@id\":\"https:\\\/\\\/aper.qc.ca\\\/info-cadre\\\/#breadcrumb\"},\"inLanguage\":\"en-US\",\"potentialAction\":[{\"@type\":\"ReadAction\",\"target\":[\"https:\\\/\\\/aper.qc.ca\\\/info-cadre\\\/\"]}]},{\"@type\":\"BreadcrumbList\",\"@id\":\"https:\\\/\\\/aper.qc.ca\\\/info-cadre\\\/#breadcrumb\",\"itemListElement\":[{\"@type\":\"ListItem\",\"position\":1,\"name\":\"Accueil\",\"item\":\"https:\\\/\\\/aper.qc.ca\\\/\"},{\"@type\":\"ListItem\",\"position\":2,\"name\":\"Info-cadre\"}]},{\"@type\":\"WebSite\",\"@id\":\"https:\\\/\\\/aper.qc.ca\\\/#website\",\"url\":\"https:\\\/\\\/aper.qc.ca\\\/\",\"name\":\"APER\",\"description\":\"Au soutien des cadres\",\"potentialAction\":[{\"@type\":\"SearchAction\",\"target\":{\"@type\":\"EntryPoint\",\"urlTemplate\":\"https:\\\/\\\/aper.qc.ca\\\/?s={search_term_string}\"},\"query-input\":{\"@type\":\"PropertyValueSpecification\",\"valueRequired\":true,\"valueName\":\"search_term_string\"}}],\"inLanguage\":\"en-US\"}]}<\/script>\n<!-- \/ Yoast SEO plugin. -->","yoast_head_json":{"title":"APER | Info-Cadre","description":"Consultez notre infolettre et d\u00e9couvrez des articles int\u00e9ressants et pertinents sur les meilleures pratiques et tendances en gestion, et bien plus!","robots":{"index":"index","follow":"follow","max-snippet":"max-snippet:-1","max-image-preview":"max-image-preview:large","max-video-preview":"max-video-preview:-1"},"canonical":"https:\/\/aper.qc.ca\/en\/info-cadre\/","og_locale":"en_US","og_type":"article","og_title":"APER | Info-Cadre","og_description":"Consultez notre infolettre et d\u00e9couvrez des articles int\u00e9ressants et pertinents sur les meilleures pratiques et tendances en gestion, et bien plus!","og_url":"https:\/\/aper.qc.ca\/en\/info-cadre\/","og_site_name":"APER","article_modified_time":"2022-04-26T16:28:48+00:00","twitter_card":"summary_large_image","twitter_misc":{"Est. reading time":"1 minute"},"schema":{"@context":"https:\/\/schema.org","@graph":[{"@type":"WebPage","@id":"https:\/\/aper.qc.ca\/info-cadre\/","url":"https:\/\/aper.qc.ca\/info-cadre\/","name":"APER | Info-Cadre","isPartOf":{"@id":"https:\/\/aper.qc.ca\/#website"},"datePublished":"2018-06-05T22:45:56+00:00","dateModified":"2022-04-26T16:28:48+00:00","description":"Consultez notre infolettre et d\u00e9couvrez des articles int\u00e9ressants et pertinents sur les meilleures pratiques et tendances en gestion, et bien plus!","breadcrumb":{"@id":"https:\/\/aper.qc.ca\/info-cadre\/#breadcrumb"},"inLanguage":"en-US","potentialAction":[{"@type":"ReadAction","target":["https:\/\/aper.qc.ca\/info-cadre\/"]}]},{"@type":"BreadcrumbList","@id":"https:\/\/aper.qc.ca\/info-cadre\/#breadcrumb","itemListElement":[{"@type":"ListItem","position":1,"name":"Accueil","item":"https:\/\/aper.qc.ca\/"},{"@type":"ListItem","position":2,"name":"Info-cadre"}]},{"@type":"WebSite","@id":"https:\/\/aper.qc.ca\/#website","url":"https:\/\/aper.qc.ca\/","name":"APER","description":"Au soutien des cadres","potentialAction":[{"@type":"SearchAction","target":{"@type":"EntryPoint","urlTemplate":"https:\/\/aper.qc.ca\/?s={search_term_string}"},"query-input":{"@type":"PropertyValueSpecification","valueRequired":true,"valueName":"search_term_string"}}],"inLanguage":"en-US"}]}},"_links":{"self":[{"href":"https:\/\/aper.qc.ca\/en\/wp-json\/wp\/v2\/pages\/336","targetHints":{"allow":["GET"]}}],"collection":[{"href":"https:\/\/aper.qc.ca\/en\/wp-json\/wp\/v2\/pages"}],"about":[{"href":"https:\/\/aper.qc.ca\/en\/wp-json\/wp\/v2\/types\/page"}],"author":[{"embeddable":true,"href":"https:\/\/aper.qc.ca\/en\/wp-json\/wp\/v2\/users\/1"}],"replies":[{"embeddable":true,"href":"https:\/\/aper.qc.ca\/en\/wp-json\/wp\/v2\/comments?post=336"}],"version-history":[{"count":17,"href":"https:\/\/aper.qc.ca\/en\/wp-json\/wp\/v2\/pages\/336\/revisions"}],"predecessor-version":[{"id":3807,"href":"https:\/\/aper.qc.ca\/en\/wp-json\/wp\/v2\/pages\/336\/revisions\/3807"}],"wp:attachment":[{"href":"https:\/\/aper.qc.ca\/en\/wp-json\/wp\/v2\/media?parent=336"}],"curies":[{"name":"wp","href":"https:\/\/api.w.org\/{rel}","templated":true}]}}