{"id":3202,"date":"2022-03-29T09:45:18","date_gmt":"2022-03-29T13:45:18","guid":{"rendered":"https:\/\/aper.qc.ca\/?page_id=3202"},"modified":"2022-04-26T12:31:06","modified_gmt":"2022-04-26T16:31:06","slug":"communiques","status":"publish","type":"page","link":"https:\/\/aper.qc.ca\/en\/communiques\/","title":{"rendered":"News Updates"},"content":{"rendered":"<div class=\"vc_row wpb_row vc_row-fluid vc_custom_1538657457046 bg-light dark_txt  svg_none svg_bottom_none  svg_bottom\" >\n                \n                    \n\t\t\t\t<div class=\"mo-vc-row-ovelay\" style=\"\"><\/div>\n\t\t\t<div class=\"container main-container\"><div class=\"wpb_column vc_column_container vc_col-sm-12\"><div class=\"vc_column-inner\"><div class=\"wpb_wrapper\"><div class=\"vc_row wpb_row vc_inner vc_row-fluid\"><div class=\"wpb_column vc_column_container vc_col-sm-12\"><div class=\"vc_column-inner\"><div class=\"wpb_wrapper\">      <div class=\"pixi_heading-style1 text-center\" data-wow-delay=\"0.1s\"><h5>WHEN INFORMATION COUNTS<\/h5><h3>Keeping you in the know<\/h3>                    \n    <\/div>\n    \n\t<div class=\"wpb_text_column wpb_content_element  vc_custom_1650990628037\" >\n\t\t<div class=\"wpb_wrapper\">\n\t\t\t<p style=\"text-align: center;\">We regularly issue news updates on the latest happenings in the health and social services system and to monitor key issues that may impact your work and practice conditions.<\/p>\n\n\t\t<\/div>\n\t<\/div>\n<\/div><\/div><\/div><\/div>    <div class=\"blog-posts more-posts-wrapper\"> \n            <div class=\"row grid-masonry\">\n\t\t\t\t\t\t<div class=\"posts masonry-posts\">\n\t\t\t\t\t\t\t \t\t\t\t\t\t\t \t\t\t\t\t\t\t<div class=\"masonry-post post post-item col-xs-12 col-sm-6 col-md-4 col-lg-4 mo-blog-masonry-wrapper clearfix grid3\">\n\t\t\t\t\t\t\t\t<article id=\"post-5812\" class=\"post-5812 post type-post status-publish format-standard hentry category-communique\">\n    <div class=\"grid-post-simple wow slideInUp\" data-wow-delay=\".18s\">\n    <div class=\"thumbnail-post\"><\/div>\n    <div class=\"info-post\">\n\t\t<p class=\"term\"><a href=\"https:\/\/aper.qc.ca\/en\/category\/communique\/\" rel=\"tag\">Newsletter<\/a><\/p>\n        <h3 class=\"post-title\"><a href=\"https:\/\/aper.qc.ca\/en\/offre-de-service-de-coaching\/\">Evolution of the coaching offer for members<\/a><\/h3>\n        <p class=\"content\"><\/p>\n        <ul class=\"meta-post\">\n            <li>admin<\/li>  -  <li>February 23, 2026<\/li>\n        <\/ul>\n    <\/div>\n  <\/div>\n<\/article>\t\t\t\t\t\t\t<\/div><!--post-->\n\t\t\t\t\t\t\t\t\t\t\t\t\t\t \t\t\t\t\t\t\t<div class=\"masonry-post post post-item col-xs-12 col-sm-6 col-md-4 col-lg-4 mo-blog-masonry-wrapper clearfix grid3\">\n\t\t\t\t\t\t\t\t<article id=\"post-5807\" class=\"post-5807 post type-post status-publish format-standard hentry category-communique\">\n    <div class=\"grid-post-simple wow slideInUp\" data-wow-delay=\".36s\">\n    <div class=\"thumbnail-post\"><\/div>\n    <div class=\"info-post\">\n\t\t<p class=\"term\"><a href=\"https:\/\/aper.qc.ca\/en\/category\/communique\/\" rel=\"tag\">Newsletter<\/a><\/p>\n        <h3 class=\"post-title\"><a href=\"https:\/\/aper.qc.ca\/en\/gagnante-du-concours-air-canada\/\">Winner of the Air Canada contest<\/a><\/h3>\n        <p class=\"content\"><\/p>\n        <ul class=\"meta-post\">\n            <li>admin<\/li>  -  <li>February 13, 2026<\/li>\n        <\/ul>\n    <\/div>\n  <\/div>\n<\/article>\t\t\t\t\t\t\t<\/div><!--post-->\n\t\t\t\t\t\t\t\t\t\t\t\t\t\t \t\t\t\t\t\t\t<div class=\"masonry-post post post-item col-xs-12 col-sm-6 col-md-4 col-lg-4 mo-blog-masonry-wrapper clearfix grid3\">\n\t\t\t\t\t\t\t\t<article id=\"post-5797\" class=\"post-5797 post type-post status-publish format-standard hentry category-communique\">\n    <div class=\"grid-post-simple wow slideInUp\" data-wow-delay=\".54s\">\n    <div class=\"thumbnail-post\"><\/div>\n    <div class=\"info-post\">\n\t\t<p class=\"term\"><a href=\"https:\/\/aper.qc.ca\/en\/category\/communique\/\" rel=\"tag\">Newsletter<\/a><\/p>\n        <h3 class=\"post-title\"><a href=\"https:\/\/aper.qc.ca\/en\/partenariat-bistros-asiatique-sesame\/\">Partnership with Sesame<\/a><\/h3>\n        <p class=\"content\"><\/p>\n        <ul class=\"meta-post\">\n            <li>admin<\/li>  -  <li>February 5, 2026<\/li>\n        <\/ul>\n    <\/div>\n  <\/div>\n<\/article>\t\t\t\t\t\t\t<\/div><!--post-->\n\t\t\t\t\t\t\t\t\t\t\t\t\t\t \t\t\t\t\t\t\t<div class=\"masonry-post post post-item col-xs-12 col-sm-6 col-md-4 col-lg-4 mo-blog-masonry-wrapper clearfix grid3\">\n\t\t\t\t\t\t\t\t<article id=\"post-5790\" class=\"post-5790 post type-post status-publish format-standard hentry category-communique\">\n    <div class=\"grid-post-simple wow slideInUp\" data-wow-delay=\".72s\">\n    <div class=\"thumbnail-post\"><\/div>\n    <div class=\"info-post\">\n\t\t<p class=\"term\"><a href=\"https:\/\/aper.qc.ca\/en\/category\/communique\/\" rel=\"tag\">Newsletter<\/a><\/p>\n        <h3 class=\"post-title\"><a href=\"https:\/\/aper.qc.ca\/en\/partenariat-cibc\/\">Partnership CIBC<\/a><\/h3>\n        <p class=\"content\"><\/p>\n        <ul class=\"meta-post\">\n            <li>admin<\/li>  -  <li>February 2, 2026<\/li>\n        <\/ul>\n    <\/div>\n  <\/div>\n<\/article>\t\t\t\t\t\t\t<\/div><!--post-->\n\t\t\t\t\t\t\t\t\t\t\t\t\t\t \t\t\t\t\t\t\t<div class=\"masonry-post post post-item col-xs-12 col-sm-6 col-md-4 col-lg-4 mo-blog-masonry-wrapper clearfix grid3\">\n\t\t\t\t\t\t\t\t<article id=\"post-5786\" class=\"post-5786 post type-post status-publish format-standard hentry category-assurances-retraite category-communique\">\n    <div class=\"grid-post-simple wow slideInUp\" data-wow-delay=\".90s\">\n    <div class=\"thumbnail-post\"><\/div>\n    <div class=\"info-post\">\n\t\t<p class=\"term\"><a href=\"https:\/\/aper.qc.ca\/en\/category\/assurances-retraite\/\" rel=\"tag\">Insurance &amp; retirement<\/a>, <a href=\"https:\/\/aper.qc.ca\/en\/category\/communique\/\" rel=\"tag\">Newsletter<\/a><\/p>\n        <h3 class=\"post-title\"><a href=\"https:\/\/aper.qc.ca\/en\/revision-du-cout-des-rachats-rrpe\/\">Revision Service Buybacks RRPE<\/a><\/h3>\n        <p class=\"content\"><\/p>\n        <ul class=\"meta-post\">\n            <li>admin<\/li>  -  <li>January 26, 2026<\/li>\n        <\/ul>\n    <\/div>\n  <\/div>\n<\/article>\t\t\t\t\t\t\t<\/div><!--post-->\n\t\t\t\t\t\t\t\t\t\t\t\t\t\t \t\t\t\t\t\t\t<div class=\"masonry-post post post-item col-xs-12 col-sm-6 col-md-4 col-lg-4 mo-blog-masonry-wrapper clearfix grid3\">\n\t\t\t\t\t\t\t\t<article id=\"post-5781\" class=\"post-5781 post type-post status-publish format-standard hentry category-communique\">\n    <div class=\"grid-post-simple wow slideInUp\" data-wow-delay=\".108s\">\n    <div class=\"thumbnail-post\"><\/div>\n    <div class=\"info-post\">\n\t\t<p class=\"term\"><a href=\"https:\/\/aper.qc.ca\/en\/category\/communique\/\" rel=\"tag\">Newsletter<\/a><\/p>\n        <h3 class=\"post-title\"><a href=\"https:\/\/aper.qc.ca\/en\/partenariat-avec-grillades-torino\/\">Partnership with Grillades Torino<\/a><\/h3>\n        <p class=\"content\"><\/p>\n        <ul class=\"meta-post\">\n            <li>admin<\/li>  -  <li>December 17, 2025<\/li>\n        <\/ul>\n    <\/div>\n  <\/div>\n<\/article>\t\t\t\t\t\t\t<\/div><!--post-->\n\t\t\t\t\t\t\t\t\t\t\t\t\t\t \t\t\t\t\t\t\t<div class=\"masonry-post post post-item col-xs-12 col-sm-6 col-md-4 col-lg-4 mo-blog-masonry-wrapper clearfix grid3\">\n\t\t\t\t\t\t\t\t<article id=\"post-5777\" class=\"post-5777 post type-post status-publish format-standard hentry category-communique\">\n    <div class=\"grid-post-simple wow slideInUp\" data-wow-delay=\".126s\">\n    <div class=\"thumbnail-post\"><\/div>\n    <div class=\"info-post\">\n\t\t<p class=\"term\"><a href=\"https:\/\/aper.qc.ca\/en\/category\/communique\/\" rel=\"tag\">Newsletter<\/a><\/p>\n        <h3 class=\"post-title\"><a href=\"https:\/\/aper.qc.ca\/en\/joyeuses-fetes\/\">Happy Holidays!  \/  Miiyuu Muukshachishikintaa!<\/a><\/h3>\n        <p class=\"content\"><\/p>\n        <ul class=\"meta-post\">\n            <li>admin<\/li>  -  <li>December 16, 2025<\/li>\n        <\/ul>\n    <\/div>\n  <\/div>\n<\/article>\t\t\t\t\t\t\t<\/div><!--post-->\n\t\t\t\t\t\t\t\t\t\t\t\t\t\t \t\t\t\t\t\t\t<div class=\"masonry-post post post-item col-xs-12 col-sm-6 col-md-4 col-lg-4 mo-blog-masonry-wrapper clearfix grid3\">\n\t\t\t\t\t\t\t\t<article id=\"post-5769\" class=\"post-5769 post type-post status-publish format-standard hentry category-assurances-retraite category-communique\">\n    <div class=\"grid-post-simple wow slideInUp\" data-wow-delay=\".144s\">\n    <div class=\"thumbnail-post\"><\/div>\n    <div class=\"info-post\">\n\t\t<p class=\"term\"><a href=\"https:\/\/aper.qc.ca\/en\/category\/assurances-retraite\/\" rel=\"tag\">Insurance &amp; retirement<\/a>, <a href=\"https:\/\/aper.qc.ca\/en\/category\/communique\/\" rel=\"tag\">Newsletter<\/a><\/p>\n        <h3 class=\"post-title\"><a href=\"https:\/\/aper.qc.ca\/en\/assurance-collective-2026\/\">Collective insurance 2026<\/a><\/h3>\n        <p class=\"content\"><\/p>\n        <ul class=\"meta-post\">\n            <li>admin<\/li>  -  <li>December 9, 2025<\/li>\n        <\/ul>\n    <\/div>\n  <\/div>\n<\/article>\t\t\t\t\t\t\t<\/div><!--post-->\n\t\t\t\t\t\t\t\t\t\t\t\t\t\t \t\t\t\t\t\t\t<div class=\"masonry-post post post-item col-xs-12 col-sm-6 col-md-4 col-lg-4 mo-blog-masonry-wrapper clearfix grid3\">\n\t\t\t\t\t\t\t\t<article id=\"post-5759\" class=\"post-5759 post type-post status-publish format-standard hentry category-communique\">\n    <div class=\"grid-post-simple wow slideInUp\" data-wow-delay=\".162s\">\n    <div class=\"thumbnail-post\"><\/div>\n    <div class=\"info-post\">\n\t\t<p class=\"term\"><a href=\"https:\/\/aper.qc.ca\/en\/category\/communique\/\" rel=\"tag\">Newsletter<\/a><\/p>\n        <h3 class=\"post-title\"><a href=\"https:\/\/aper.qc.ca\/en\/nouvelle-directrice-des-services-professionnels\/\">New Director of professional services<\/a><\/h3>\n        <p class=\"content\"><\/p>\n        <ul class=\"meta-post\">\n            <li>admin<\/li>  -  <li>December 8, 2025<\/li>\n        <\/ul>\n    <\/div>\n  <\/div>\n<\/article>\t\t\t\t\t\t\t<\/div><!--post-->\n\t\t\t\t\t\t\t                        <\/div>\n\t\t      <div class=\"clearfix\"><\/div>\n\t\t\t<nav class=\"mo-pagination mo-pagination-numeric\"><span aria-current=\"page\" class=\"page-numbers current\">1<\/span>\n<a class=\"page-numbers\" href=\"https:\/\/aper.qc.ca\/en\/wp-json\/wp\/v2\/pages\/3202\/page\/2\/\">2<\/a>\n<a class=\"page-numbers\" href=\"https:\/\/aper.qc.ca\/en\/wp-json\/wp\/v2\/pages\/3202\/page\/3\/\">3<\/a>\n<span class=\"page-numbers dots\">&hellip;<\/span>\n<a class=\"page-numbers\" href=\"https:\/\/aper.qc.ca\/en\/wp-json\/wp\/v2\/pages\/3202\/page\/18\/\">18<\/a>\n<a class=\"next page-numbers\" href=\"https:\/\/aper.qc.ca\/en\/wp-json\/wp\/v2\/pages\/3202\/page\/2\/\"><i class=\"fa fa-long-arrow-right\"><\/i><\/a><\/nav>           <\/div><!-- end row grid-masonry  -->\n         <\/div><!-- end  more-posts-wrapper -->\n       <\/div><\/div><\/div><\/div><\/div><div class=\"vc_row wpb_row vc_row-fluid vc_custom_1646606902230 bg-color-main white_txt  svg_none svg_bottom_none  svg_bottom\" >\n                \n                    \n\t\t\t\t<div class=\"mo-vc-row-ovelay\" style=\"\"><\/div>\n\t\t\t<div class=\"container main-container\"><div class=\"wpb_column vc_column_container vc_col-sm-12\"><div class=\"vc_column-inner\"><div class=\"wpb_wrapper\"><div class=\"vc_row wpb_row vc_inner vc_row-fluid\"><div class=\"wpb_column vc_column_container vc_col-sm-8\"><div class=\"vc_column-inner\"><div class=\"wpb_wrapper\">\n\t<div class=\"wpb_text_column wpb_content_element  vc_custom_1648785539406\" >\n\t\t<div class=\"wpb_wrapper\">\n\t\t\t<h4>Special member services and benefits<\/h4>\n<p>Votre adh\u00e9sion \u00e0 l\u2019APER vous donne acc\u00e8s \u00e0 une vaste gamme de services visant \u00e0 r\u00e9pondre \u00e0 tous vos besoins, tout en vous permettant de b\u00e9n\u00e9ficier de plusieurs autres avantages! Profitez-en d\u00e8s maintenant!<\/p>\n\n\t\t<\/div>\n\t<\/div>\n<\/div><\/div><\/div><div class=\"wpb_column vc_column_container vc_col-sm-4\"><div class=\"vc_column-inner vc_custom_1540565269653\"><div class=\"wpb_wrapper\">     <div class=\"text-center\" data-wow-delay=\"0.1s\">\n          <a class=\"button light hr_primary outline_light  bg_hr_light medium radius4 no_shadow hr_no_shadow hover_shine\" href=\"#\" target=\"_self\">Become a Member<\/a> \n\t <\/div>\n    <\/div><\/div><\/div><\/div><\/div><\/div><\/div><\/div><\/div>","protected":false},"excerpt":{"rendered":"","protected":false},"author":1,"featured_media":0,"parent":0,"menu_order":0,"comment_status":"closed","ping_status":"closed","template":"","meta":{"_acf_changed":false,"footnotes":""},"class_list":["post-3202","page","type-page","status-publish","hentry"],"acf":[],"yoast_head":"<!-- This site is optimized with the Yoast SEO plugin v27.4 - https:\/\/yoast.com\/product\/yoast-seo-wordpress\/ -->\n<title>APER | Communiqu\u00e9s<\/title>\n<meta name=\"description\" content=\"Ayez acc\u00e8s \u00e0 une information r\u00e9cente sur tout ce qui touche de pr\u00e8s ou de loin la vie professionnelle des cadres de la sant\u00e9 et des services sociaux.\" \/>\n<meta name=\"robots\" content=\"index, follow, max-snippet:-1, max-image-preview:large, max-video-preview:-1\" \/>\n<link rel=\"canonical\" href=\"https:\/\/aper.qc.ca\/en\/communiques\/\" \/>\n<meta property=\"og:locale\" content=\"en_US\" \/>\n<meta property=\"og:type\" content=\"article\" \/>\n<meta property=\"og:title\" content=\"APER | Communiqu\u00e9s\" \/>\n<meta property=\"og:description\" content=\"Ayez acc\u00e8s \u00e0 une information r\u00e9cente sur tout ce qui touche de pr\u00e8s ou de loin la vie professionnelle des cadres de la sant\u00e9 et des services sociaux.\" \/>\n<meta property=\"og:url\" content=\"https:\/\/aper.qc.ca\/en\/communiques\/\" \/>\n<meta property=\"og:site_name\" content=\"APER\" \/>\n<meta property=\"article:modified_time\" content=\"2022-04-26T16:31:06+00:00\" \/>\n<meta name=\"twitter:card\" content=\"summary_large_image\" \/>\n<meta name=\"twitter:label1\" content=\"Est. reading time\" \/>\n\t<meta name=\"twitter:data1\" content=\"1 minute\" \/>\n<script type=\"application\/ld+json\" class=\"yoast-schema-graph\">{\"@context\":\"https:\\\/\\\/schema.org\",\"@graph\":[{\"@type\":\"WebPage\",\"@id\":\"https:\\\/\\\/aper.qc.ca\\\/communiques\\\/\",\"url\":\"https:\\\/\\\/aper.qc.ca\\\/communiques\\\/\",\"name\":\"APER | Communiqu\u00e9s\",\"isPartOf\":{\"@id\":\"https:\\\/\\\/aper.qc.ca\\\/#website\"},\"datePublished\":\"2022-03-29T13:45:18+00:00\",\"dateModified\":\"2022-04-26T16:31:06+00:00\",\"description\":\"Ayez acc\u00e8s \u00e0 une information r\u00e9cente sur tout ce qui touche de pr\u00e8s ou de loin la vie professionnelle des cadres de la sant\u00e9 et des services sociaux.\",\"breadcrumb\":{\"@id\":\"https:\\\/\\\/aper.qc.ca\\\/communiques\\\/#breadcrumb\"},\"inLanguage\":\"en-US\",\"potentialAction\":[{\"@type\":\"ReadAction\",\"target\":[\"https:\\\/\\\/aper.qc.ca\\\/communiques\\\/\"]}]},{\"@type\":\"BreadcrumbList\",\"@id\":\"https:\\\/\\\/aper.qc.ca\\\/communiques\\\/#breadcrumb\",\"itemListElement\":[{\"@type\":\"ListItem\",\"position\":1,\"name\":\"Accueil\",\"item\":\"https:\\\/\\\/aper.qc.ca\\\/\"},{\"@type\":\"ListItem\",\"position\":2,\"name\":\"Communiqu\u00e9s\"}]},{\"@type\":\"WebSite\",\"@id\":\"https:\\\/\\\/aper.qc.ca\\\/#website\",\"url\":\"https:\\\/\\\/aper.qc.ca\\\/\",\"name\":\"APER\",\"description\":\"Au soutien des cadres\",\"potentialAction\":[{\"@type\":\"SearchAction\",\"target\":{\"@type\":\"EntryPoint\",\"urlTemplate\":\"https:\\\/\\\/aper.qc.ca\\\/?s={search_term_string}\"},\"query-input\":{\"@type\":\"PropertyValueSpecification\",\"valueRequired\":true,\"valueName\":\"search_term_string\"}}],\"inLanguage\":\"en-US\"}]}<\/script>\n<!-- \/ Yoast SEO plugin. -->","yoast_head_json":{"title":"APER | Communiqu\u00e9s","description":"Ayez acc\u00e8s \u00e0 une information r\u00e9cente sur tout ce qui touche de pr\u00e8s ou de loin la vie professionnelle des cadres de la sant\u00e9 et des services sociaux.","robots":{"index":"index","follow":"follow","max-snippet":"max-snippet:-1","max-image-preview":"max-image-preview:large","max-video-preview":"max-video-preview:-1"},"canonical":"https:\/\/aper.qc.ca\/en\/communiques\/","og_locale":"en_US","og_type":"article","og_title":"APER | Communiqu\u00e9s","og_description":"Ayez acc\u00e8s \u00e0 une information r\u00e9cente sur tout ce qui touche de pr\u00e8s ou de loin la vie professionnelle des cadres de la sant\u00e9 et des services sociaux.","og_url":"https:\/\/aper.qc.ca\/en\/communiques\/","og_site_name":"APER","article_modified_time":"2022-04-26T16:31:06+00:00","twitter_card":"summary_large_image","twitter_misc":{"Est. reading time":"1 minute"},"schema":{"@context":"https:\/\/schema.org","@graph":[{"@type":"WebPage","@id":"https:\/\/aper.qc.ca\/communiques\/","url":"https:\/\/aper.qc.ca\/communiques\/","name":"APER | Communiqu\u00e9s","isPartOf":{"@id":"https:\/\/aper.qc.ca\/#website"},"datePublished":"2022-03-29T13:45:18+00:00","dateModified":"2022-04-26T16:31:06+00:00","description":"Ayez acc\u00e8s \u00e0 une information r\u00e9cente sur tout ce qui touche de pr\u00e8s ou de loin la vie professionnelle des cadres de la sant\u00e9 et des services sociaux.","breadcrumb":{"@id":"https:\/\/aper.qc.ca\/communiques\/#breadcrumb"},"inLanguage":"en-US","potentialAction":[{"@type":"ReadAction","target":["https:\/\/aper.qc.ca\/communiques\/"]}]},{"@type":"BreadcrumbList","@id":"https:\/\/aper.qc.ca\/communiques\/#breadcrumb","itemListElement":[{"@type":"ListItem","position":1,"name":"Accueil","item":"https:\/\/aper.qc.ca\/"},{"@type":"ListItem","position":2,"name":"Communiqu\u00e9s"}]},{"@type":"WebSite","@id":"https:\/\/aper.qc.ca\/#website","url":"https:\/\/aper.qc.ca\/","name":"APER","description":"Au soutien des cadres","potentialAction":[{"@type":"SearchAction","target":{"@type":"EntryPoint","urlTemplate":"https:\/\/aper.qc.ca\/?s={search_term_string}"},"query-input":{"@type":"PropertyValueSpecification","valueRequired":true,"valueName":"search_term_string"}}],"inLanguage":"en-US"}]}},"_links":{"self":[{"href":"https:\/\/aper.qc.ca\/en\/wp-json\/wp\/v2\/pages\/3202","targetHints":{"allow":["GET"]}}],"collection":[{"href":"https:\/\/aper.qc.ca\/en\/wp-json\/wp\/v2\/pages"}],"about":[{"href":"https:\/\/aper.qc.ca\/en\/wp-json\/wp\/v2\/types\/page"}],"author":[{"embeddable":true,"href":"https:\/\/aper.qc.ca\/en\/wp-json\/wp\/v2\/users\/1"}],"replies":[{"embeddable":true,"href":"https:\/\/aper.qc.ca\/en\/wp-json\/wp\/v2\/comments?post=3202"}],"version-history":[{"count":10,"href":"https:\/\/aper.qc.ca\/en\/wp-json\/wp\/v2\/pages\/3202\/revisions"}],"predecessor-version":[{"id":3808,"href":"https:\/\/aper.qc.ca\/en\/wp-json\/wp\/v2\/pages\/3202\/revisions\/3808"}],"wp:attachment":[{"href":"https:\/\/aper.qc.ca\/en\/wp-json\/wp\/v2\/media?parent=3202"}],"curies":[{"name":"wp","href":"https:\/\/api.w.org\/{rel}","templated":true}]}}