{"id":235,"date":"2018-06-04T21:45:53","date_gmt":"2018-06-05T01:45:53","guid":{"rendered":"http:\/\/motivoweb.com\/pixi\/?page_id=235"},"modified":"2022-04-15T12:02:21","modified_gmt":"2022-04-15T16:02:21","slug":"ressources","status":"publish","type":"page","link":"https:\/\/aper.qc.ca\/en\/ressources\/","title":{"rendered":"Resources"},"content":{"rendered":"<div class=\"vc_row wpb_row vc_row-fluid vc_custom_1541615810148 bg-light dark_txt  svg_none svg_bottom_none  svg_bottom\" >\n                \n                    \n\t\t\t\t<div class=\"mo-vc-row-ovelay\" style=\"\"><\/div>\n\t\t\t<div class=\"container main-container\"><div class=\"wpb_column vc_column_container vc_col-sm-12\"><div class=\"vc_column-inner\"><div class=\"wpb_wrapper\">\t\t\t<rs-module-wrap id=\"rev_slider_error_1_wrapper\">\n\t\t\t\t<rs-module id=\"rev_slider_error_1\">\n\t\t\t\t\t<div class=\"rs_error_message_box\">\n\t\t\t\t\t\t<div class=\"rs_error_message_oops\">Oops...<\/div>\n\t\t\t\t\t\t<div class=\"rs_error_message_content\">Slider with alias ressources not found.<\/div>\n\t\t\t\t\t<\/div>\n\t\t\t\t<\/rs-module>\n\t\t\t<\/rs-module-wrap>\n\t\t\t<script>\n\t\t\t\tvar rs_eslider = document.getElementById(\"rev_slider_error_1\");\n\t\t\t\trs_eslider.style.display = \"none\";\n\t\t\t\tconsole.log(\"Slider with alias ressources not found.\");\n\t\t\t<\/script>\n<div class=\"vc_row wpb_row vc_inner vc_row-fluid vc_custom_1648587388122\"><div class=\"wpb_column vc_column_container vc_col-sm-12\"><div class=\"vc_column-inner vc_custom_1648587398087\"><div class=\"wpb_wrapper\">      <div class=\"pixi_heading-style1 text-center\" data-wow-delay=\"0.1s\"><h5>TIMELY CONTENT<\/h5><h3>Stay in the know<\/h3>                    \n    <\/div>\n    \n\t<div class=\"wpb_text_column wpb_content_element  vc_custom_1649254352611\" >\n\t\t<div class=\"wpb_wrapper\">\n\t\t\t<p style=\"text-align: center;\">This is your one-stop source for current content about working conditions, compensation, pension and insurance plans, and other important industry topics. Check back often to keep up on developments and get the latest news about what interests you.<\/p>\n\n\t\t<\/div>\n\t<\/div>\n<\/div><\/div><\/div><\/div><\/div><\/div><\/div><\/div><\/div><div class=\"vc_row wpb_row vc_row-fluid vc_custom_1531867948680 bg-light dark_txt  svg_none svg_bottom_none  svg_bottom\" >\n                \n                    \n\t\t\t\t<div class=\"mo-vc-row-ovelay\" style=\"\"><\/div>\n\t\t\t<div class=\"container main-container\"><div class=\"wpb_column vc_column_container vc_col-sm-9\"><div class=\"vc_column-inner vc_custom_1531867832922\"><div class=\"wpb_wrapper\">    <div class=\"blog-posts more-posts-wrapper\"> \n            <div class=\"row grid-masonry\">\n\t\t\t\t\t\t<div class=\"posts masonry-posts\">\n\t\t\t\t\t\t\t \t\t\t\t\t\t\t \t\t\t\t\t\t\t<div class=\"masonry-post post post-item col-xs-12 col-sm-6 col-md-6 col-lg-6 mo-blog-masonry-wrapper clearfix grid3\">\n\t\t\t\t\t\t\t\t<article id=\"post-5786\" class=\"post-5786 post type-post status-publish format-standard hentry category-assurances-retraite category-communique\">\n    <div class=\"grid-post-simple wow fadeInUp\" data-wow-delay=\".18s\">\n    <div class=\"thumbnail-post\"><\/div>\n    <div class=\"info-post\">\n\t\t<p class=\"term\"><a href=\"https:\/\/aper.qc.ca\/en\/category\/assurances-retraite\/\" rel=\"tag\">Insurance &amp; retirement<\/a>, <a href=\"https:\/\/aper.qc.ca\/en\/category\/communique\/\" rel=\"tag\">Newsletter<\/a><\/p>\n        <h3 class=\"post-title\"><a href=\"https:\/\/aper.qc.ca\/en\/revision-du-cout-des-rachats-rrpe\/\">Revision Service Buybacks RRPE<\/a><\/h3>\n        <p class=\"content\"><\/p>\n        <ul class=\"meta-post\">\n            <li>admin<\/li>  -  <li>January 26, 2026<\/li>\n        <\/ul>\n    <\/div>\n  <\/div>\n<\/article>\t\t\t\t\t\t\t<\/div><!--post-->\n\t\t\t\t\t\t\t\t\t\t\t\t\t\t \t\t\t\t\t\t\t<div class=\"masonry-post post post-item col-xs-12 col-sm-6 col-md-6 col-lg-6 mo-blog-masonry-wrapper clearfix grid3\">\n\t\t\t\t\t\t\t\t<article id=\"post-5769\" class=\"post-5769 post type-post status-publish format-standard hentry category-assurances-retraite category-communique\">\n    <div class=\"grid-post-simple wow fadeInUp\" data-wow-delay=\".36s\">\n    <div class=\"thumbnail-post\"><\/div>\n    <div class=\"info-post\">\n\t\t<p class=\"term\"><a href=\"https:\/\/aper.qc.ca\/en\/category\/assurances-retraite\/\" rel=\"tag\">Insurance &amp; retirement<\/a>, <a href=\"https:\/\/aper.qc.ca\/en\/category\/communique\/\" rel=\"tag\">Newsletter<\/a><\/p>\n        <h3 class=\"post-title\"><a href=\"https:\/\/aper.qc.ca\/en\/assurance-collective-2026\/\">Collective insurance 2026<\/a><\/h3>\n        <p class=\"content\"><\/p>\n        <ul class=\"meta-post\">\n            <li>admin<\/li>  -  <li>December 9, 2025<\/li>\n        <\/ul>\n    <\/div>\n  <\/div>\n<\/article>\t\t\t\t\t\t\t<\/div><!--post-->\n\t\t\t\t\t\t\t\t\t\t\t\t\t\t \t\t\t\t\t\t\t<div class=\"masonry-post post post-item col-xs-12 col-sm-6 col-md-6 col-lg-6 mo-blog-masonry-wrapper clearfix grid3\">\n\t\t\t\t\t\t\t\t<article id=\"post-5625\" class=\"post-5625 post type-post status-publish format-standard hentry category-communique category-conditionstravail\">\n    <div class=\"grid-post-simple wow fadeInUp\" data-wow-delay=\".54s\">\n    <div class=\"thumbnail-post\"><\/div>\n    <div class=\"info-post\">\n\t\t<p class=\"term\"><a href=\"https:\/\/aper.qc.ca\/en\/category\/communique\/\" rel=\"tag\">Newsletter<\/a>, <a href=\"https:\/\/aper.qc.ca\/en\/category\/conditionstravail\/\" rel=\"tag\">Working Conditions<\/a><\/p>\n        <h3 class=\"post-title\"><a href=\"https:\/\/aper.qc.ca\/en\/nous-voulons-votre-opinion\/\">We want your opinion<\/a><\/h3>\n        <p class=\"content\"><\/p>\n        <ul class=\"meta-post\">\n            <li>admin<\/li>  -  <li>June 5, 2025<\/li>\n        <\/ul>\n    <\/div>\n  <\/div>\n<\/article>\t\t\t\t\t\t\t<\/div><!--post-->\n\t\t\t\t\t\t\t\t\t\t\t\t\t\t \t\t\t\t\t\t\t<div class=\"masonry-post post post-item col-xs-12 col-sm-6 col-md-6 col-lg-6 mo-blog-masonry-wrapper clearfix grid3\">\n\t\t\t\t\t\t\t\t<article id=\"post-5613\" class=\"post-5613 post type-post status-publish format-standard hentry category-communique category-conditionstravail\">\n    <div class=\"grid-post-simple wow fadeInUp\" data-wow-delay=\".72s\">\n    <div class=\"thumbnail-post\"><\/div>\n    <div class=\"info-post\">\n\t\t<p class=\"term\"><a href=\"https:\/\/aper.qc.ca\/en\/category\/communique\/\" rel=\"tag\">Newsletter<\/a>, <a href=\"https:\/\/aper.qc.ca\/en\/category\/conditionstravail\/\" rel=\"tag\">Working Conditions<\/a><\/p>\n        <h3 class=\"post-title\"><a href=\"https:\/\/aper.qc.ca\/en\/conditions-de-travail-sante-quebec\/\">Working conditions - Sant\u00e9 Qu\u00e9bec<\/a><\/h3>\n        <p class=\"content\"><\/p>\n        <ul class=\"meta-post\">\n            <li>admin<\/li>  -  <li>June 3, 2025<\/li>\n        <\/ul>\n    <\/div>\n  <\/div>\n<\/article>\t\t\t\t\t\t\t<\/div><!--post-->\n\t\t\t\t\t\t\t\t\t\t\t\t\t\t \t\t\t\t\t\t\t<div class=\"masonry-post post post-item col-xs-12 col-sm-6 col-md-6 col-lg-6 mo-blog-masonry-wrapper clearfix grid3\">\n\t\t\t\t\t\t\t\t<article id=\"post-5481\" class=\"post-5481 post type-post status-publish format-standard hentry category-assurances-retraite\">\n    <div class=\"grid-post-simple wow fadeInUp\" data-wow-delay=\".90s\">\n    <div class=\"thumbnail-post\"><\/div>\n    <div class=\"info-post\">\n\t\t<p class=\"term\"><a href=\"https:\/\/aper.qc.ca\/en\/category\/assurances-retraite\/\" rel=\"tag\">Insurance &amp; retirement<\/a><\/p>\n        <h3 class=\"post-title\"><a href=\"https:\/\/aper.qc.ca\/en\/les-taux-de-primes-du-regime-dassurance-collective-pour-lannee-2025adoptes-par-le-conseil-du-tresor\/\">The group insurance plan premium rates for the year 2025 adopted by the Treasury\nBoard.<\/a><\/h3>\n        <p class=\"content\"><\/p>\n        <ul class=\"meta-post\">\n            <li>admin<\/li>  -  <li>December 9, 2024<\/li>\n        <\/ul>\n    <\/div>\n  <\/div>\n<\/article>\t\t\t\t\t\t\t<\/div><!--post-->\n\t\t\t\t\t\t\t\t\t\t\t\t\t\t \t\t\t\t\t\t\t<div class=\"masonry-post post post-item col-xs-12 col-sm-6 col-md-6 col-lg-6 mo-blog-masonry-wrapper clearfix grid3\">\n\t\t\t\t\t\t\t\t<article id=\"post-5307\" class=\"post-5307 post type-post status-publish format-standard hentry category-conditionstravail\">\n    <div class=\"grid-post-simple wow fadeInUp\" data-wow-delay=\".108s\">\n    <div class=\"thumbnail-post\"><\/div>\n    <div class=\"info-post\">\n\t\t<p class=\"term\"><a href=\"https:\/\/aper.qc.ca\/en\/category\/conditionstravail\/\" rel=\"tag\">Working Conditions<\/a><\/p>\n        <h3 class=\"post-title\"><a href=\"https:\/\/aper.qc.ca\/en\/les-nouvelles-conditions-de-travail\/\">New working conditions<\/a><\/h3>\n        <p class=\"content\"><\/p>\n        <ul class=\"meta-post\">\n            <li>admin<\/li>  -  <li>April 25, 2024<\/li>\n        <\/ul>\n    <\/div>\n  <\/div>\n<\/article>\t\t\t\t\t\t\t<\/div><!--post-->\n\t\t\t\t\t\t\t\t\t\t\t\t\t\t \t\t\t\t\t\t\t<div class=\"masonry-post post post-item col-xs-12 col-sm-6 col-md-6 col-lg-6 mo-blog-masonry-wrapper clearfix grid3\">\n\t\t\t\t\t\t\t\t<article id=\"post-5303\" class=\"post-5303 post type-post status-publish format-standard hentry category-conditionstravail\">\n    <div class=\"grid-post-simple wow fadeInUp\" data-wow-delay=\".126s\">\n    <div class=\"thumbnail-post\"><\/div>\n    <div class=\"info-post\">\n\t\t<p class=\"term\"><a href=\"https:\/\/aper.qc.ca\/en\/category\/conditionstravail\/\" rel=\"tag\">Working Conditions<\/a><\/p>\n        <h3 class=\"post-title\"><a href=\"https:\/\/aper.qc.ca\/en\/decision-de-la-cour-supreme-contre-linclusion-des-cadres-dans-lecode-du-travail\/\">SUPREME COURT DECISION AGAINST THE INCLUSION OF MANAGERS IN THE\nLABOUR CODE<\/a><\/h3>\n        <p class=\"content\"><\/p>\n        <ul class=\"meta-post\">\n            <li>admin<\/li>  -  <li>April 22, 2024<\/li>\n        <\/ul>\n    <\/div>\n  <\/div>\n<\/article>\t\t\t\t\t\t\t<\/div><!--post-->\n\t\t\t\t\t\t\t\t\t\t\t\t\t\t \t\t\t\t\t\t\t<div class=\"masonry-post post post-item col-xs-12 col-sm-6 col-md-6 col-lg-6 mo-blog-masonry-wrapper clearfix grid3\">\n\t\t\t\t\t\t\t\t<article id=\"post-5291\" class=\"post-5291 post type-post status-publish format-standard hentry category-conditionstravail\">\n    <div class=\"grid-post-simple wow fadeInUp\" data-wow-delay=\".144s\">\n    <div class=\"thumbnail-post\"><\/div>\n    <div class=\"info-post\">\n\t\t<p class=\"term\"><a href=\"https:\/\/aper.qc.ca\/en\/category\/conditionstravail\/\" rel=\"tag\">Working Conditions<\/a><\/p>\n        <h3 class=\"post-title\"><a href=\"https:\/\/aper.qc.ca\/en\/nouvelles-conditions-de-travail\/\">New working conditions<\/a><\/h3>\n        <p class=\"content\"><\/p>\n        <ul class=\"meta-post\">\n            <li>admin<\/li>  -  <li>April 19, 2024<\/li>\n        <\/ul>\n    <\/div>\n  <\/div>\n<\/article>\t\t\t\t\t\t\t<\/div><!--post-->\n\t\t\t\t\t\t\t\t\t\t\t\t\t\t \t\t\t\t\t\t\t<div class=\"masonry-post post post-item col-xs-12 col-sm-6 col-md-6 col-lg-6 mo-blog-masonry-wrapper clearfix grid3\">\n\t\t\t\t\t\t\t\t<article id=\"post-5184\" class=\"post-5184 post type-post status-publish format-standard hentry category-assurances-retraite tag-75\">\n    <div class=\"grid-post-simple wow fadeInUp\" data-wow-delay=\".162s\">\n    <div class=\"thumbnail-post\"><\/div>\n    <div class=\"info-post\">\n\t\t<p class=\"term\"><a href=\"https:\/\/aper.qc.ca\/en\/category\/assurances-retraite\/\" rel=\"tag\">Insurance &amp; retirement<\/a><\/p>\n        <h3 class=\"post-title\"><a href=\"https:\/\/aper.qc.ca\/en\/couts-dassurance-collective-pour-2024\/\">NEW COSTS FOR INSURANCE COVERAGE FOR 2024<\/a><\/h3>\n        <p class=\"content\"><\/p>\n        <ul class=\"meta-post\">\n            <li>admin<\/li>  -  <li>December 13, 2023<\/li>\n        <\/ul>\n    <\/div>\n  <\/div>\n<\/article>\t\t\t\t\t\t\t<\/div><!--post-->\n\t\t\t\t\t\t\t                        <\/div>\n\t\t      <div class=\"clearfix\"><\/div>\n\t\t\t<nav class=\"mo-pagination mo-pagination-numeric\"><span aria-current=\"page\" class=\"page-numbers current\">1<\/span>\n<a class=\"page-numbers\" href=\"https:\/\/aper.qc.ca\/en\/wp-json\/wp\/v2\/pages\/235\/page\/2\/\">2<\/a>\n<a class=\"next page-numbers\" href=\"https:\/\/aper.qc.ca\/en\/wp-json\/wp\/v2\/pages\/235\/page\/2\/\"><i class=\"fa fa-long-arrow-right\"><\/i><\/a><\/nav>           <\/div><!-- end row grid-masonry  -->\n         <\/div><!-- end  more-posts-wrapper -->\n       <\/div><\/div><\/div><div class=\"wpb_column vc_column_container vc_col-sm-3\"><div class=\"vc_column-inner\"><div class=\"wpb_wrapper\"><div  class=\"wpb_widgetised_column wpb_content_element\">\n\t\t<div class=\"wpb_wrapper\">\n\t\t\t\n\t\t\t<div id=\"categories-1\" class=\"widget widget_categories\"><h4 class=\"wg-title\">Categories<\/h4>\n\t\t\t<ul>\n\t\t\t\t\t<li class=\"cat-item cat-item-58\"><a href=\"https:\/\/aper.qc.ca\/en\/category\/assurances-retraite\/\">Insurance &amp; retirement <span>10<\/span><\/a>\n<\/li>\n\t<li class=\"cat-item cat-item-82\"><a href=\"https:\/\/aper.qc.ca\/en\/category\/brochures\/\">Brochures <span>1<\/span><\/a>\n<\/li>\n\t<li class=\"cat-item cat-item-56\"><a href=\"https:\/\/aper.qc.ca\/en\/category\/communique\/\">Newsletter <span>156<\/span><\/a>\n<\/li>\n\t<li class=\"cat-item cat-item-59\"><a href=\"https:\/\/aper.qc.ca\/en\/category\/conditionstravail\/\">Working Conditions <span>8<\/span><\/a>\n<\/li>\n\t<li class=\"cat-item cat-item-1\"><a href=\"https:\/\/aper.qc.ca\/en\/category\/info-cadre\/\">Info-Cadre March-April 2025 <span>19<\/span><\/a>\n<\/li>\n\t<li class=\"cat-item cat-item-70\"><a href=\"https:\/\/aper.qc.ca\/en\/category\/remuneration\/\">Compensation <span>17<\/span><\/a>\n<\/li>\n\t\t\t<\/ul>\n\n\t\t\t<\/div><div id=\"tag_cloud-1\" class=\"widget widget_tag_cloud\"><h4 class=\"wg-title\">Tags<\/h4><div class=\"tagcloud\"><span><a href=\"https:\/\/aper.qc.ca\/en\/tag\/2021\/\" class=\"tag-cloud-link tag-link-73 tag-link-position-1\" style=\"font-size: 9.8pt;\" aria-label=\"2021 (2 items)\">2021<\/a><\/span><span>\n<a href=\"https:\/\/aper.qc.ca\/en\/tag\/2022\/\" class=\"tag-cloud-link tag-link-72 tag-link-position-2\" style=\"font-size: 21.2pt;\" aria-label=\"2022 (41 items)\">2022<\/a><\/span><span>\n<a href=\"https:\/\/aper.qc.ca\/en\/tag\/2023\/\" class=\"tag-cloud-link tag-link-75 tag-link-position-3\" style=\"font-size: 22pt;\" aria-label=\"2023 (49 items)\">2023<\/a><\/span><span>\n<a href=\"https:\/\/aper.qc.ca\/en\/tag\/conditions-de-travail\/\" class=\"tag-cloud-link tag-link-80 tag-link-position-4\" style=\"font-size: 8pt;\" aria-label=\"Conditions de travail (1 item)\">Working Conditions<\/a><\/span><span>\n<a href=\"https:\/\/aper.qc.ca\/en\/tag\/maternite\/\" class=\"tag-cloud-link tag-link-81 tag-link-position-5\" style=\"font-size: 8pt;\" aria-label=\"Maternit\u00e9 (1 item)\">Maternity Leave<\/a><\/span><span>\n<a href=\"https:\/\/aper.qc.ca\/en\/tag\/parental\/\" class=\"tag-cloud-link tag-link-78 tag-link-position-6\" style=\"font-size: 8pt;\" aria-label=\"Parental (1 item)\">Parental<\/a><\/span><span>\n<a href=\"https:\/\/aper.qc.ca\/en\/tag\/reglement\/\" class=\"tag-cloud-link tag-link-79 tag-link-position-7\" style=\"font-size: 8pt;\" aria-label=\"R\u00e8glement (1 item)\">Regulation<\/a><\/span><span><\/a><\/div>\n<\/div>\n\t\t<\/div>\n\t<\/div>\n<\/div><\/div><\/div><\/div><\/div>","protected":false},"excerpt":{"rendered":"","protected":false},"author":1,"featured_media":0,"parent":0,"menu_order":0,"comment_status":"closed","ping_status":"closed","template":"page-no-title-bar.php","meta":{"_acf_changed":false,"footnotes":""},"class_list":["post-235","page","type-page","status-publish","hentry"],"acf":[],"yoast_head":"<!-- This site is optimized with the Yoast SEO plugin v27.4 - https:\/\/yoast.com\/product\/yoast-seo-wordpress\/ -->\n<title>APER | Ressources<\/title>\n<meta name=\"description\" content=\"L&#039;APER propose une information d&#039;int\u00e9r\u00eat et des ressources pertinentes \u00e0 tous les cadres du r\u00e9seau de la sant\u00e9 et des services sociaux. Consultez-les!\" \/>\n<meta name=\"robots\" content=\"index, follow, max-snippet:-1, max-image-preview:large, max-video-preview:-1\" \/>\n<link rel=\"canonical\" href=\"https:\/\/aper.qc.ca\/en\/ressources\/\" \/>\n<meta property=\"og:locale\" content=\"en_US\" \/>\n<meta property=\"og:type\" content=\"article\" \/>\n<meta property=\"og:title\" content=\"APER | Ressources\" \/>\n<meta property=\"og:description\" content=\"L&#039;APER propose une information d&#039;int\u00e9r\u00eat et des ressources pertinentes \u00e0 tous les cadres du r\u00e9seau de la sant\u00e9 et des services sociaux. Consultez-les!\" \/>\n<meta property=\"og:url\" content=\"https:\/\/aper.qc.ca\/en\/ressources\/\" \/>\n<meta property=\"og:site_name\" content=\"APER\" \/>\n<meta property=\"article:modified_time\" content=\"2022-04-15T16:02:21+00:00\" \/>\n<meta name=\"twitter:card\" content=\"summary_large_image\" \/>\n<meta name=\"twitter:label1\" content=\"Est. reading time\" \/>\n\t<meta name=\"twitter:data1\" content=\"1 minute\" \/>\n<script type=\"application\/ld+json\" class=\"yoast-schema-graph\">{\"@context\":\"https:\\\/\\\/schema.org\",\"@graph\":[{\"@type\":\"WebPage\",\"@id\":\"https:\\\/\\\/aper.qc.ca\\\/ressources\\\/\",\"url\":\"https:\\\/\\\/aper.qc.ca\\\/ressources\\\/\",\"name\":\"APER | Ressources\",\"isPartOf\":{\"@id\":\"https:\\\/\\\/aper.qc.ca\\\/#website\"},\"datePublished\":\"2018-06-05T01:45:53+00:00\",\"dateModified\":\"2022-04-15T16:02:21+00:00\",\"description\":\"L'APER propose une information d'int\u00e9r\u00eat et des ressources pertinentes \u00e0 tous les cadres du r\u00e9seau de la sant\u00e9 et des services sociaux. Consultez-les!\",\"breadcrumb\":{\"@id\":\"https:\\\/\\\/aper.qc.ca\\\/ressources\\\/#breadcrumb\"},\"inLanguage\":\"en-US\",\"potentialAction\":[{\"@type\":\"ReadAction\",\"target\":[\"https:\\\/\\\/aper.qc.ca\\\/ressources\\\/\"]}]},{\"@type\":\"BreadcrumbList\",\"@id\":\"https:\\\/\\\/aper.qc.ca\\\/ressources\\\/#breadcrumb\",\"itemListElement\":[{\"@type\":\"ListItem\",\"position\":1,\"name\":\"Accueil\",\"item\":\"https:\\\/\\\/aper.qc.ca\\\/\"},{\"@type\":\"ListItem\",\"position\":2,\"name\":\"Ressources\"}]},{\"@type\":\"WebSite\",\"@id\":\"https:\\\/\\\/aper.qc.ca\\\/#website\",\"url\":\"https:\\\/\\\/aper.qc.ca\\\/\",\"name\":\"APER\",\"description\":\"Au soutien des cadres\",\"potentialAction\":[{\"@type\":\"SearchAction\",\"target\":{\"@type\":\"EntryPoint\",\"urlTemplate\":\"https:\\\/\\\/aper.qc.ca\\\/?s={search_term_string}\"},\"query-input\":{\"@type\":\"PropertyValueSpecification\",\"valueRequired\":true,\"valueName\":\"search_term_string\"}}],\"inLanguage\":\"en-US\"}]}<\/script>\n<!-- \/ Yoast SEO plugin. -->","yoast_head_json":{"title":"APER | Ressources","description":"L'APER propose une information d'int\u00e9r\u00eat et des ressources pertinentes \u00e0 tous les cadres du r\u00e9seau de la sant\u00e9 et des services sociaux. Consultez-les!","robots":{"index":"index","follow":"follow","max-snippet":"max-snippet:-1","max-image-preview":"max-image-preview:large","max-video-preview":"max-video-preview:-1"},"canonical":"https:\/\/aper.qc.ca\/en\/ressources\/","og_locale":"en_US","og_type":"article","og_title":"APER | Ressources","og_description":"L'APER propose une information d'int\u00e9r\u00eat et des ressources pertinentes \u00e0 tous les cadres du r\u00e9seau de la sant\u00e9 et des services sociaux. Consultez-les!","og_url":"https:\/\/aper.qc.ca\/en\/ressources\/","og_site_name":"APER","article_modified_time":"2022-04-15T16:02:21+00:00","twitter_card":"summary_large_image","twitter_misc":{"Est. reading time":"1 minute"},"schema":{"@context":"https:\/\/schema.org","@graph":[{"@type":"WebPage","@id":"https:\/\/aper.qc.ca\/ressources\/","url":"https:\/\/aper.qc.ca\/ressources\/","name":"APER | Ressources","isPartOf":{"@id":"https:\/\/aper.qc.ca\/#website"},"datePublished":"2018-06-05T01:45:53+00:00","dateModified":"2022-04-15T16:02:21+00:00","description":"L'APER propose une information d'int\u00e9r\u00eat et des ressources pertinentes \u00e0 tous les cadres du r\u00e9seau de la sant\u00e9 et des services sociaux. Consultez-les!","breadcrumb":{"@id":"https:\/\/aper.qc.ca\/ressources\/#breadcrumb"},"inLanguage":"en-US","potentialAction":[{"@type":"ReadAction","target":["https:\/\/aper.qc.ca\/ressources\/"]}]},{"@type":"BreadcrumbList","@id":"https:\/\/aper.qc.ca\/ressources\/#breadcrumb","itemListElement":[{"@type":"ListItem","position":1,"name":"Accueil","item":"https:\/\/aper.qc.ca\/"},{"@type":"ListItem","position":2,"name":"Ressources"}]},{"@type":"WebSite","@id":"https:\/\/aper.qc.ca\/#website","url":"https:\/\/aper.qc.ca\/","name":"APER","description":"Au soutien des cadres","potentialAction":[{"@type":"SearchAction","target":{"@type":"EntryPoint","urlTemplate":"https:\/\/aper.qc.ca\/?s={search_term_string}"},"query-input":{"@type":"PropertyValueSpecification","valueRequired":true,"valueName":"search_term_string"}}],"inLanguage":"en-US"}]}},"_links":{"self":[{"href":"https:\/\/aper.qc.ca\/en\/wp-json\/wp\/v2\/pages\/235","targetHints":{"allow":["GET"]}}],"collection":[{"href":"https:\/\/aper.qc.ca\/en\/wp-json\/wp\/v2\/pages"}],"about":[{"href":"https:\/\/aper.qc.ca\/en\/wp-json\/wp\/v2\/types\/page"}],"author":[{"embeddable":true,"href":"https:\/\/aper.qc.ca\/en\/wp-json\/wp\/v2\/users\/1"}],"replies":[{"embeddable":true,"href":"https:\/\/aper.qc.ca\/en\/wp-json\/wp\/v2\/comments?post=235"}],"version-history":[{"count":14,"href":"https:\/\/aper.qc.ca\/en\/wp-json\/wp\/v2\/pages\/235\/revisions"}],"predecessor-version":[{"id":3519,"href":"https:\/\/aper.qc.ca\/en\/wp-json\/wp\/v2\/pages\/235\/revisions\/3519"}],"wp:attachment":[{"href":"https:\/\/aper.qc.ca\/en\/wp-json\/wp\/v2\/media?parent=235"}],"curies":[{"name":"wp","href":"https:\/\/api.w.org\/{rel}","templated":true}]}}